{"id":3177,"date":"2025-05-06T09:42:46","date_gmt":"2025-05-06T07:42:46","guid":{"rendered":"https:\/\/wordpress-j0w0sk8wgcc4kck40s0c00o4.cloud.bebity.io\/?post_type=product&#038;p=3177"},"modified":"2025-05-08T13:25:41","modified_gmt":"2025-05-08T11:25:41","slug":"flyer-10","status":"publish","type":"product","link":"https:\/\/wordpress-j0w0sk8wgcc4kck40s0c00o4.cloud.bebity.io\/en_gb\/product\/flyer-10\/","title":{"rendered":"Flyer 10"},"content":{"rendered":"<p>Le <strong>Flyer 10<\/strong> is a modern 10M speedboat with a modular layout. The tilting rear bench seat converts in seconds into a large sunbathing area, and the walk-around version provides easy access to a large 3-seater sunbathing area at the bow. This is equipped with the T-top option and a complete navigation system. The interior features a saloon that can be converted into 2 double berths + 2 berths in the mid-cabin. The double outboard engine delivers excellent performance while maintaining reasonable fuel consumption. This boat is perfect for day trips or comfortable cruising in complete safety. Viewing by appointment. Please contact us for more information.<\/p>","protected":false},"excerpt":{"rendered":"<p>Le Flyer 10 est une vedette de 10M moderne dont les espaces sont modulables. la banquette arri\u00e8re basculante se transforme en quelques secondes en un grand bain de soleil et sa version walk &#8211; around permet une circulation ais\u00e9e et \u00e9galement d&rsquo;acc\u00e9der \u00e0 un grand bain de soleil 3 places \u00e0 l&rsquo;avant. Celui- \u00e7i est [&hellip;]<\/p>","protected":false},"featured_media":3178,"comment_status":"open","ping_status":"closed","template":"","meta":{"_acf_changed":false},"product_brand":[],"product_cat":[64],"product_tag":[],"class_list":{"0":"post-3177","1":"product","2":"type-product","3":"status-publish","4":"has-post-thumbnail","6":"product_cat-boats","8":"first","9":"instock","10":"taxable","11":"shipping-taxable","12":"purchasable","13":"product-type-simple"},"acf":[],"yoast_head":"<!-- This site is optimized with the Yoast SEO plugin v24.2 - https:\/\/yoast.com\/wordpress\/plugins\/seo\/ -->\n<title>Flyer 10 - Boats &amp; Yatchs<\/title>\n<meta name=\"robots\" content=\"index, follow, max-snippet:-1, max-image-preview:large, max-video-preview:-1\" \/>\n<link rel=\"canonical\" href=\"https:\/\/wordpress-j0w0sk8wgcc4kck40s0c00o4.cloud.bebity.io\/en_gb\/product\/flyer-10\/\" \/>\n<meta property=\"og:locale\" content=\"en_GB\" \/>\n<meta property=\"og:type\" content=\"article\" \/>\n<meta property=\"og:title\" content=\"Flyer 10 - Boats &amp; Yatchs\" \/>\n<meta property=\"og:description\" content=\"Le Flyer 10 est une vedette de 10M moderne dont les espaces sont modulables. la banquette arri\u00e8re basculante se transforme en quelques secondes en un grand bain de soleil et sa version walk &#8211; around permet une circulation ais\u00e9e et \u00e9galement d&rsquo;acc\u00e9der \u00e0 un grand bain de soleil 3 places \u00e0 l&rsquo;avant. Celui- \u00e7i est [&hellip;]\" \/>\n<meta property=\"og:url\" content=\"https:\/\/wordpress-j0w0sk8wgcc4kck40s0c00o4.cloud.bebity.io\/en_gb\/product\/flyer-10\/\" \/>\n<meta property=\"og:site_name\" content=\"Boats &amp; Yatchs\" \/>\n<meta property=\"article:modified_time\" content=\"2025-05-08T11:25:41+00:00\" \/>\n<meta property=\"og:image\" content=\"https:\/\/wordpress-j0w0sk8wgcc4kck40s0c00o4.cloud.bebity.io\/wp-content\/uploads\/2025\/05\/1-Flyer-10-mouillage.jpg\" \/>\n\t<meta property=\"og:image:width\" content=\"1576\" \/>\n\t<meta property=\"og:image:height\" content=\"1200\" \/>\n\t<meta property=\"og:image:type\" content=\"image\/jpeg\" \/>\n<meta name=\"twitter:card\" content=\"summary_large_image\" \/>\n<meta name=\"twitter:label1\" content=\"Estimated reading time\" \/>\n\t<meta name=\"twitter:data1\" content=\"1 minute\" \/>\n<script type=\"application\/ld+json\" class=\"yoast-schema-graph\">{\"@context\":\"https:\/\/schema.org\",\"@graph\":[{\"@type\":\"WebPage\",\"@id\":\"https:\/\/wordpress-j0w0sk8wgcc4kck40s0c00o4.cloud.bebity.io\/product\/flyer-10\/\",\"url\":\"https:\/\/wordpress-j0w0sk8wgcc4kck40s0c00o4.cloud.bebity.io\/product\/flyer-10\/\",\"name\":\"Flyer 10 - Boats &amp; Yatchs\",\"isPartOf\":{\"@id\":\"https:\/\/wordpress-j0w0sk8wgcc4kck40s0c00o4.cloud.bebity.io\/#website\"},\"primaryImageOfPage\":{\"@id\":\"https:\/\/wordpress-j0w0sk8wgcc4kck40s0c00o4.cloud.bebity.io\/product\/flyer-10\/#primaryimage\"},\"image\":{\"@id\":\"https:\/\/wordpress-j0w0sk8wgcc4kck40s0c00o4.cloud.bebity.io\/product\/flyer-10\/#primaryimage\"},\"thumbnailUrl\":\"https:\/\/wordpress-j0w0sk8wgcc4kck40s0c00o4.cloud.bebity.io\/wp-content\/uploads\/2025\/05\/1-Flyer-10-mouillage.jpg\",\"datePublished\":\"2025-05-06T07:42:46+00:00\",\"dateModified\":\"2025-05-08T11:25:41+00:00\",\"breadcrumb\":{\"@id\":\"https:\/\/wordpress-j0w0sk8wgcc4kck40s0c00o4.cloud.bebity.io\/product\/flyer-10\/#breadcrumb\"},\"inLanguage\":\"en-GB\",\"potentialAction\":[{\"@type\":\"ReadAction\",\"target\":[\"https:\/\/wordpress-j0w0sk8wgcc4kck40s0c00o4.cloud.bebity.io\/product\/flyer-10\/\"]}]},{\"@type\":\"ImageObject\",\"inLanguage\":\"en-GB\",\"@id\":\"https:\/\/wordpress-j0w0sk8wgcc4kck40s0c00o4.cloud.bebity.io\/product\/flyer-10\/#primaryimage\",\"url\":\"https:\/\/wordpress-j0w0sk8wgcc4kck40s0c00o4.cloud.bebity.io\/wp-content\/uploads\/2025\/05\/1-Flyer-10-mouillage.jpg\",\"contentUrl\":\"https:\/\/wordpress-j0w0sk8wgcc4kck40s0c00o4.cloud.bebity.io\/wp-content\/uploads\/2025\/05\/1-Flyer-10-mouillage.jpg\",\"width\":1576,\"height\":1200},{\"@type\":\"BreadcrumbList\",\"@id\":\"https:\/\/wordpress-j0w0sk8wgcc4kck40s0c00o4.cloud.bebity.io\/product\/flyer-10\/#breadcrumb\",\"itemListElement\":[{\"@type\":\"ListItem\",\"position\":1,\"name\":\"Home\",\"item\":\"https:\/\/wordpress-j0w0sk8wgcc4kck40s0c00o4.cloud.bebity.io\/\"},{\"@type\":\"ListItem\",\"position\":2,\"name\":\"Shop\",\"item\":\"https:\/\/wordpress-j0w0sk8wgcc4kck40s0c00o4.cloud.bebity.io\/shop\/\"},{\"@type\":\"ListItem\",\"position\":3,\"name\":\"Flyer 10\"}]},{\"@type\":\"WebSite\",\"@id\":\"https:\/\/wordpress-j0w0sk8wgcc4kck40s0c00o4.cloud.bebity.io\/#website\",\"url\":\"https:\/\/wordpress-j0w0sk8wgcc4kck40s0c00o4.cloud.bebity.io\/\",\"name\":\"Boats &amp; Yatchs\",\"description\":\"Directory &amp; Listings WP Theme\",\"potentialAction\":[{\"@type\":\"SearchAction\",\"target\":{\"@type\":\"EntryPoint\",\"urlTemplate\":\"https:\/\/wordpress-j0w0sk8wgcc4kck40s0c00o4.cloud.bebity.io\/?s={search_term_string}\"},\"query-input\":{\"@type\":\"PropertyValueSpecification\",\"valueRequired\":true,\"valueName\":\"search_term_string\"}}],\"inLanguage\":\"en-GB\"}]}<\/script>\n<!-- \/ Yoast SEO plugin. -->","yoast_head_json":{"title":"Flyer 10 - Boats &amp; Yatchs","robots":{"index":"index","follow":"follow","max-snippet":"max-snippet:-1","max-image-preview":"max-image-preview:large","max-video-preview":"max-video-preview:-1"},"canonical":"https:\/\/wordpress-j0w0sk8wgcc4kck40s0c00o4.cloud.bebity.io\/en_gb\/product\/flyer-10\/","og_locale":"en_GB","og_type":"article","og_title":"Flyer 10 - Boats &amp; Yatchs","og_description":"Le Flyer 10 est une vedette de 10M moderne dont les espaces sont modulables. la banquette arri\u00e8re basculante se transforme en quelques secondes en un grand bain de soleil et sa version walk &#8211; around permet une circulation ais\u00e9e et \u00e9galement d&rsquo;acc\u00e9der \u00e0 un grand bain de soleil 3 places \u00e0 l&rsquo;avant. Celui- \u00e7i est [&hellip;]","og_url":"https:\/\/wordpress-j0w0sk8wgcc4kck40s0c00o4.cloud.bebity.io\/en_gb\/product\/flyer-10\/","og_site_name":"Boats &amp; Yatchs","article_modified_time":"2025-05-08T11:25:41+00:00","og_image":[{"width":1576,"height":1200,"url":"https:\/\/wordpress-j0w0sk8wgcc4kck40s0c00o4.cloud.bebity.io\/wp-content\/uploads\/2025\/05\/1-Flyer-10-mouillage.jpg","type":"image\/jpeg"}],"twitter_card":"summary_large_image","twitter_misc":{"Estimated reading time":"1 minute"},"schema":{"@context":"https:\/\/schema.org","@graph":[{"@type":"WebPage","@id":"https:\/\/wordpress-j0w0sk8wgcc4kck40s0c00o4.cloud.bebity.io\/product\/flyer-10\/","url":"https:\/\/wordpress-j0w0sk8wgcc4kck40s0c00o4.cloud.bebity.io\/product\/flyer-10\/","name":"Flyer 10 - Boats &amp; Yatchs","isPartOf":{"@id":"https:\/\/wordpress-j0w0sk8wgcc4kck40s0c00o4.cloud.bebity.io\/#website"},"primaryImageOfPage":{"@id":"https:\/\/wordpress-j0w0sk8wgcc4kck40s0c00o4.cloud.bebity.io\/product\/flyer-10\/#primaryimage"},"image":{"@id":"https:\/\/wordpress-j0w0sk8wgcc4kck40s0c00o4.cloud.bebity.io\/product\/flyer-10\/#primaryimage"},"thumbnailUrl":"https:\/\/wordpress-j0w0sk8wgcc4kck40s0c00o4.cloud.bebity.io\/wp-content\/uploads\/2025\/05\/1-Flyer-10-mouillage.jpg","datePublished":"2025-05-06T07:42:46+00:00","dateModified":"2025-05-08T11:25:41+00:00","breadcrumb":{"@id":"https:\/\/wordpress-j0w0sk8wgcc4kck40s0c00o4.cloud.bebity.io\/product\/flyer-10\/#breadcrumb"},"inLanguage":"en-GB","potentialAction":[{"@type":"ReadAction","target":["https:\/\/wordpress-j0w0sk8wgcc4kck40s0c00o4.cloud.bebity.io\/product\/flyer-10\/"]}]},{"@type":"ImageObject","inLanguage":"en-GB","@id":"https:\/\/wordpress-j0w0sk8wgcc4kck40s0c00o4.cloud.bebity.io\/product\/flyer-10\/#primaryimage","url":"https:\/\/wordpress-j0w0sk8wgcc4kck40s0c00o4.cloud.bebity.io\/wp-content\/uploads\/2025\/05\/1-Flyer-10-mouillage.jpg","contentUrl":"https:\/\/wordpress-j0w0sk8wgcc4kck40s0c00o4.cloud.bebity.io\/wp-content\/uploads\/2025\/05\/1-Flyer-10-mouillage.jpg","width":1576,"height":1200},{"@type":"BreadcrumbList","@id":"https:\/\/wordpress-j0w0sk8wgcc4kck40s0c00o4.cloud.bebity.io\/product\/flyer-10\/#breadcrumb","itemListElement":[{"@type":"ListItem","position":1,"name":"Home","item":"https:\/\/wordpress-j0w0sk8wgcc4kck40s0c00o4.cloud.bebity.io\/"},{"@type":"ListItem","position":2,"name":"Shop","item":"https:\/\/wordpress-j0w0sk8wgcc4kck40s0c00o4.cloud.bebity.io\/shop\/"},{"@type":"ListItem","position":3,"name":"Flyer 10"}]},{"@type":"WebSite","@id":"https:\/\/wordpress-j0w0sk8wgcc4kck40s0c00o4.cloud.bebity.io\/#website","url":"https:\/\/wordpress-j0w0sk8wgcc4kck40s0c00o4.cloud.bebity.io\/","name":"Boats &amp; Yatchs","description":"Directory &amp; Listings WP Theme","potentialAction":[{"@type":"SearchAction","target":{"@type":"EntryPoint","urlTemplate":"https:\/\/wordpress-j0w0sk8wgcc4kck40s0c00o4.cloud.bebity.io\/?s={search_term_string}"},"query-input":{"@type":"PropertyValueSpecification","valueRequired":true,"valueName":"search_term_string"}}],"inLanguage":"en-GB"}]}},"_links":{"self":[{"href":"https:\/\/wordpress-j0w0sk8wgcc4kck40s0c00o4.cloud.bebity.io\/en_gb\/wp-json\/wp\/v2\/product\/3177","targetHints":{"allow":["GET"]}}],"collection":[{"href":"https:\/\/wordpress-j0w0sk8wgcc4kck40s0c00o4.cloud.bebity.io\/en_gb\/wp-json\/wp\/v2\/product"}],"about":[{"href":"https:\/\/wordpress-j0w0sk8wgcc4kck40s0c00o4.cloud.bebity.io\/en_gb\/wp-json\/wp\/v2\/types\/product"}],"replies":[{"embeddable":true,"href":"https:\/\/wordpress-j0w0sk8wgcc4kck40s0c00o4.cloud.bebity.io\/en_gb\/wp-json\/wp\/v2\/comments?post=3177"}],"version-history":[{"count":2,"href":"https:\/\/wordpress-j0w0sk8wgcc4kck40s0c00o4.cloud.bebity.io\/en_gb\/wp-json\/wp\/v2\/product\/3177\/revisions"}],"predecessor-version":[{"id":3226,"href":"https:\/\/wordpress-j0w0sk8wgcc4kck40s0c00o4.cloud.bebity.io\/en_gb\/wp-json\/wp\/v2\/product\/3177\/revisions\/3226"}],"wp:featuredmedia":[{"embeddable":true,"href":"https:\/\/wordpress-j0w0sk8wgcc4kck40s0c00o4.cloud.bebity.io\/en_gb\/wp-json\/wp\/v2\/media\/3178"}],"wp:attachment":[{"href":"https:\/\/wordpress-j0w0sk8wgcc4kck40s0c00o4.cloud.bebity.io\/en_gb\/wp-json\/wp\/v2\/media?parent=3177"}],"wp:term":[{"taxonomy":"product_brand","embeddable":true,"href":"https:\/\/wordpress-j0w0sk8wgcc4kck40s0c00o4.cloud.bebity.io\/en_gb\/wp-json\/wp\/v2\/product_brand?post=3177"},{"taxonomy":"product_cat","embeddable":true,"href":"https:\/\/wordpress-j0w0sk8wgcc4kck40s0c00o4.cloud.bebity.io\/en_gb\/wp-json\/wp\/v2\/product_cat?post=3177"},{"taxonomy":"product_tag","embeddable":true,"href":"https:\/\/wordpress-j0w0sk8wgcc4kck40s0c00o4.cloud.bebity.io\/en_gb\/wp-json\/wp\/v2\/product_tag?post=3177"}],"curies":[{"name":"wp","href":"https:\/\/api.w.org\/{rel}","templated":true}]}}