{"id":3362,"date":"2025-06-24T20:25:11","date_gmt":"2025-06-24T18:25:11","guid":{"rendered":"https:\/\/wordpress-j0w0sk8wgcc4kck40s0c00o4.cloud.bebity.io\/?post_type=product&#038;p=3362"},"modified":"2025-06-25T16:23:33","modified_gmt":"2025-06-25T14:23:33","slug":"parker-monaco-110","status":"publish","type":"product","link":"https:\/\/wordpress-j0w0sk8wgcc4kck40s0c00o4.cloud.bebity.io\/en_gb\/product\/parker-monaco-110\/","title":{"rendered":"Parker Monaco 110"},"content":{"rendered":"<p>Le <strong>Parker Monaco 110<\/strong> est un bateau \u00e0 moteur de 11,2 m\u00e8tres (36 pieds) con\u00e7u par Parker Poland en collaboration avec le designer Tony Castro. Il se distingue par son design moderne, sa propulsion hors-bord et son am\u00e9nagement spacieux, adapt\u00e9 aussi bien aux sorties \u00e0 la journ\u00e9e qu&rsquo;aux croisi\u00e8res de week-end. L&rsquo;architecture combine une silhouette \u00e9l\u00e9gante avec une fonctionnalit\u00e9 optimis\u00e9e, incluant une porte lat\u00e9rale pour un acc\u00e8s facile depuis le quai. Visite posible tous les jours sur rendez &#8211; vous. N&rsquo;h\u00e9sitez pas \u00e0 nous contacter si vous souhaitez plus d&rsquo;informations.<\/p>","protected":false},"excerpt":{"rendered":"<p>Le Parker Monaco 110 est un bateau \u00e0 moteur de 11,2 m\u00e8tres (36 pieds) con\u00e7u par Parker Poland en collaboration avec le designer Tony Castro. Il se distingue par son design moderne, sa propulsion hors-bord et son am\u00e9nagement spacieux, adapt\u00e9 aussi bien aux sorties \u00e0 la journ\u00e9e qu&rsquo;aux croisi\u00e8res de week-end. L&rsquo;architecture combine une silhouette [&hellip;]<\/p>","protected":false},"featured_media":3363,"comment_status":"open","ping_status":"closed","template":"","meta":{"_acf_changed":false},"product_brand":[],"product_cat":[64],"product_tag":[],"class_list":{"0":"post-3362","1":"product","2":"type-product","3":"status-publish","4":"has-post-thumbnail","6":"product_cat-boats","8":"first","9":"instock","10":"purchasable","11":"product-type-simple"},"acf":[],"yoast_head":"<!-- This site is optimized with the Yoast SEO plugin v24.2 - https:\/\/yoast.com\/wordpress\/plugins\/seo\/ -->\n<title>Parker Monaco 110 - Boats &amp; Yatchs<\/title>\n<meta name=\"robots\" content=\"index, follow, max-snippet:-1, max-image-preview:large, max-video-preview:-1\" \/>\n<link rel=\"canonical\" href=\"https:\/\/wordpress-j0w0sk8wgcc4kck40s0c00o4.cloud.bebity.io\/en_gb\/product\/parker-monaco-110\/\" \/>\n<meta property=\"og:locale\" content=\"en_GB\" \/>\n<meta property=\"og:type\" content=\"article\" \/>\n<meta property=\"og:title\" content=\"Parker Monaco 110 - Boats &amp; Yatchs\" \/>\n<meta property=\"og:description\" content=\"Le Parker Monaco 110 est un bateau \u00e0 moteur de 11,2 m\u00e8tres (36 pieds) con\u00e7u par Parker Poland en collaboration avec le designer Tony Castro. Il se distingue par son design moderne, sa propulsion hors-bord et son am\u00e9nagement spacieux, adapt\u00e9 aussi bien aux sorties \u00e0 la journ\u00e9e qu&rsquo;aux croisi\u00e8res de week-end. L&rsquo;architecture combine une silhouette [&hellip;]\" \/>\n<meta property=\"og:url\" content=\"https:\/\/wordpress-j0w0sk8wgcc4kck40s0c00o4.cloud.bebity.io\/en_gb\/product\/parker-monaco-110\/\" \/>\n<meta property=\"og:site_name\" content=\"Boats &amp; Yatchs\" \/>\n<meta property=\"article:modified_time\" content=\"2025-06-25T14:23:33+00:00\" \/>\n<meta property=\"og:image\" content=\"https:\/\/wordpress-j0w0sk8wgcc4kck40s0c00o4.cloud.bebity.io\/wp-content\/uploads\/2025\/06\/1-Parker-Monaco-110-vue-tribord-Empuriabrava.jpg\" \/>\n\t<meta property=\"og:image:width\" content=\"900\" \/>\n\t<meta property=\"og:image:height\" content=\"675\" \/>\n\t<meta property=\"og:image:type\" content=\"image\/jpeg\" \/>\n<meta name=\"twitter:card\" content=\"summary_large_image\" \/>\n<meta name=\"twitter:label1\" content=\"Estimated reading time\" \/>\n\t<meta name=\"twitter:data1\" content=\"1 minute\" \/>\n<script type=\"application\/ld+json\" class=\"yoast-schema-graph\">{\"@context\":\"https:\/\/schema.org\",\"@graph\":[{\"@type\":\"WebPage\",\"@id\":\"https:\/\/wordpress-j0w0sk8wgcc4kck40s0c00o4.cloud.bebity.io\/product\/parker-monaco-110\/\",\"url\":\"https:\/\/wordpress-j0w0sk8wgcc4kck40s0c00o4.cloud.bebity.io\/product\/parker-monaco-110\/\",\"name\":\"Parker Monaco 110 - Boats &amp; Yatchs\",\"isPartOf\":{\"@id\":\"https:\/\/wordpress-j0w0sk8wgcc4kck40s0c00o4.cloud.bebity.io\/#website\"},\"primaryImageOfPage\":{\"@id\":\"https:\/\/wordpress-j0w0sk8wgcc4kck40s0c00o4.cloud.bebity.io\/product\/parker-monaco-110\/#primaryimage\"},\"image\":{\"@id\":\"https:\/\/wordpress-j0w0sk8wgcc4kck40s0c00o4.cloud.bebity.io\/product\/parker-monaco-110\/#primaryimage\"},\"thumbnailUrl\":\"https:\/\/wordpress-j0w0sk8wgcc4kck40s0c00o4.cloud.bebity.io\/wp-content\/uploads\/2025\/06\/1-Parker-Monaco-110-vue-tribord-Empuriabrava.jpg\",\"datePublished\":\"2025-06-24T18:25:11+00:00\",\"dateModified\":\"2025-06-25T14:23:33+00:00\",\"breadcrumb\":{\"@id\":\"https:\/\/wordpress-j0w0sk8wgcc4kck40s0c00o4.cloud.bebity.io\/product\/parker-monaco-110\/#breadcrumb\"},\"inLanguage\":\"en-GB\",\"potentialAction\":[{\"@type\":\"ReadAction\",\"target\":[\"https:\/\/wordpress-j0w0sk8wgcc4kck40s0c00o4.cloud.bebity.io\/product\/parker-monaco-110\/\"]}]},{\"@type\":\"ImageObject\",\"inLanguage\":\"en-GB\",\"@id\":\"https:\/\/wordpress-j0w0sk8wgcc4kck40s0c00o4.cloud.bebity.io\/product\/parker-monaco-110\/#primaryimage\",\"url\":\"https:\/\/wordpress-j0w0sk8wgcc4kck40s0c00o4.cloud.bebity.io\/wp-content\/uploads\/2025\/06\/1-Parker-Monaco-110-vue-tribord-Empuriabrava.jpg\",\"contentUrl\":\"https:\/\/wordpress-j0w0sk8wgcc4kck40s0c00o4.cloud.bebity.io\/wp-content\/uploads\/2025\/06\/1-Parker-Monaco-110-vue-tribord-Empuriabrava.jpg\",\"width\":900,\"height\":675,\"caption\":\"Parker Monaco 110 vue tribord Empuriabrava\"},{\"@type\":\"BreadcrumbList\",\"@id\":\"https:\/\/wordpress-j0w0sk8wgcc4kck40s0c00o4.cloud.bebity.io\/product\/parker-monaco-110\/#breadcrumb\",\"itemListElement\":[{\"@type\":\"ListItem\",\"position\":1,\"name\":\"Home\",\"item\":\"https:\/\/wordpress-j0w0sk8wgcc4kck40s0c00o4.cloud.bebity.io\/\"},{\"@type\":\"ListItem\",\"position\":2,\"name\":\"Shop\",\"item\":\"https:\/\/wordpress-j0w0sk8wgcc4kck40s0c00o4.cloud.bebity.io\/shop\/\"},{\"@type\":\"ListItem\",\"position\":3,\"name\":\"Parker Monaco 110\"}]},{\"@type\":\"WebSite\",\"@id\":\"https:\/\/wordpress-j0w0sk8wgcc4kck40s0c00o4.cloud.bebity.io\/#website\",\"url\":\"https:\/\/wordpress-j0w0sk8wgcc4kck40s0c00o4.cloud.bebity.io\/\",\"name\":\"Boats &amp; Yatchs\",\"description\":\"Directory &amp; Listings WP Theme\",\"potentialAction\":[{\"@type\":\"SearchAction\",\"target\":{\"@type\":\"EntryPoint\",\"urlTemplate\":\"https:\/\/wordpress-j0w0sk8wgcc4kck40s0c00o4.cloud.bebity.io\/?s={search_term_string}\"},\"query-input\":{\"@type\":\"PropertyValueSpecification\",\"valueRequired\":true,\"valueName\":\"search_term_string\"}}],\"inLanguage\":\"en-GB\"}]}<\/script>\n<!-- \/ Yoast SEO plugin. -->","yoast_head_json":{"title":"Parker Monaco 110 - Boats &amp; Yatchs","robots":{"index":"index","follow":"follow","max-snippet":"max-snippet:-1","max-image-preview":"max-image-preview:large","max-video-preview":"max-video-preview:-1"},"canonical":"https:\/\/wordpress-j0w0sk8wgcc4kck40s0c00o4.cloud.bebity.io\/en_gb\/product\/parker-monaco-110\/","og_locale":"en_GB","og_type":"article","og_title":"Parker Monaco 110 - Boats &amp; Yatchs","og_description":"Le Parker Monaco 110 est un bateau \u00e0 moteur de 11,2 m\u00e8tres (36 pieds) con\u00e7u par Parker Poland en collaboration avec le designer Tony Castro. Il se distingue par son design moderne, sa propulsion hors-bord et son am\u00e9nagement spacieux, adapt\u00e9 aussi bien aux sorties \u00e0 la journ\u00e9e qu&rsquo;aux croisi\u00e8res de week-end. L&rsquo;architecture combine une silhouette [&hellip;]","og_url":"https:\/\/wordpress-j0w0sk8wgcc4kck40s0c00o4.cloud.bebity.io\/en_gb\/product\/parker-monaco-110\/","og_site_name":"Boats &amp; Yatchs","article_modified_time":"2025-06-25T14:23:33+00:00","og_image":[{"width":900,"height":675,"url":"https:\/\/wordpress-j0w0sk8wgcc4kck40s0c00o4.cloud.bebity.io\/wp-content\/uploads\/2025\/06\/1-Parker-Monaco-110-vue-tribord-Empuriabrava.jpg","type":"image\/jpeg"}],"twitter_card":"summary_large_image","twitter_misc":{"Estimated reading time":"1 minute"},"schema":{"@context":"https:\/\/schema.org","@graph":[{"@type":"WebPage","@id":"https:\/\/wordpress-j0w0sk8wgcc4kck40s0c00o4.cloud.bebity.io\/product\/parker-monaco-110\/","url":"https:\/\/wordpress-j0w0sk8wgcc4kck40s0c00o4.cloud.bebity.io\/product\/parker-monaco-110\/","name":"Parker Monaco 110 - Boats &amp; Yatchs","isPartOf":{"@id":"https:\/\/wordpress-j0w0sk8wgcc4kck40s0c00o4.cloud.bebity.io\/#website"},"primaryImageOfPage":{"@id":"https:\/\/wordpress-j0w0sk8wgcc4kck40s0c00o4.cloud.bebity.io\/product\/parker-monaco-110\/#primaryimage"},"image":{"@id":"https:\/\/wordpress-j0w0sk8wgcc4kck40s0c00o4.cloud.bebity.io\/product\/parker-monaco-110\/#primaryimage"},"thumbnailUrl":"https:\/\/wordpress-j0w0sk8wgcc4kck40s0c00o4.cloud.bebity.io\/wp-content\/uploads\/2025\/06\/1-Parker-Monaco-110-vue-tribord-Empuriabrava.jpg","datePublished":"2025-06-24T18:25:11+00:00","dateModified":"2025-06-25T14:23:33+00:00","breadcrumb":{"@id":"https:\/\/wordpress-j0w0sk8wgcc4kck40s0c00o4.cloud.bebity.io\/product\/parker-monaco-110\/#breadcrumb"},"inLanguage":"en-GB","potentialAction":[{"@type":"ReadAction","target":["https:\/\/wordpress-j0w0sk8wgcc4kck40s0c00o4.cloud.bebity.io\/product\/parker-monaco-110\/"]}]},{"@type":"ImageObject","inLanguage":"en-GB","@id":"https:\/\/wordpress-j0w0sk8wgcc4kck40s0c00o4.cloud.bebity.io\/product\/parker-monaco-110\/#primaryimage","url":"https:\/\/wordpress-j0w0sk8wgcc4kck40s0c00o4.cloud.bebity.io\/wp-content\/uploads\/2025\/06\/1-Parker-Monaco-110-vue-tribord-Empuriabrava.jpg","contentUrl":"https:\/\/wordpress-j0w0sk8wgcc4kck40s0c00o4.cloud.bebity.io\/wp-content\/uploads\/2025\/06\/1-Parker-Monaco-110-vue-tribord-Empuriabrava.jpg","width":900,"height":675,"caption":"Parker Monaco 110 vue tribord Empuriabrava"},{"@type":"BreadcrumbList","@id":"https:\/\/wordpress-j0w0sk8wgcc4kck40s0c00o4.cloud.bebity.io\/product\/parker-monaco-110\/#breadcrumb","itemListElement":[{"@type":"ListItem","position":1,"name":"Home","item":"https:\/\/wordpress-j0w0sk8wgcc4kck40s0c00o4.cloud.bebity.io\/"},{"@type":"ListItem","position":2,"name":"Shop","item":"https:\/\/wordpress-j0w0sk8wgcc4kck40s0c00o4.cloud.bebity.io\/shop\/"},{"@type":"ListItem","position":3,"name":"Parker Monaco 110"}]},{"@type":"WebSite","@id":"https:\/\/wordpress-j0w0sk8wgcc4kck40s0c00o4.cloud.bebity.io\/#website","url":"https:\/\/wordpress-j0w0sk8wgcc4kck40s0c00o4.cloud.bebity.io\/","name":"Boats &amp; Yatchs","description":"Directory &amp; Listings WP Theme","potentialAction":[{"@type":"SearchAction","target":{"@type":"EntryPoint","urlTemplate":"https:\/\/wordpress-j0w0sk8wgcc4kck40s0c00o4.cloud.bebity.io\/?s={search_term_string}"},"query-input":{"@type":"PropertyValueSpecification","valueRequired":true,"valueName":"search_term_string"}}],"inLanguage":"en-GB"}]}},"_links":{"self":[{"href":"https:\/\/wordpress-j0w0sk8wgcc4kck40s0c00o4.cloud.bebity.io\/en_gb\/wp-json\/wp\/v2\/product\/3362","targetHints":{"allow":["GET"]}}],"collection":[{"href":"https:\/\/wordpress-j0w0sk8wgcc4kck40s0c00o4.cloud.bebity.io\/en_gb\/wp-json\/wp\/v2\/product"}],"about":[{"href":"https:\/\/wordpress-j0w0sk8wgcc4kck40s0c00o4.cloud.bebity.io\/en_gb\/wp-json\/wp\/v2\/types\/product"}],"replies":[{"embeddable":true,"href":"https:\/\/wordpress-j0w0sk8wgcc4kck40s0c00o4.cloud.bebity.io\/en_gb\/wp-json\/wp\/v2\/comments?post=3362"}],"version-history":[{"count":2,"href":"https:\/\/wordpress-j0w0sk8wgcc4kck40s0c00o4.cloud.bebity.io\/en_gb\/wp-json\/wp\/v2\/product\/3362\/revisions"}],"predecessor-version":[{"id":3404,"href":"https:\/\/wordpress-j0w0sk8wgcc4kck40s0c00o4.cloud.bebity.io\/en_gb\/wp-json\/wp\/v2\/product\/3362\/revisions\/3404"}],"wp:featuredmedia":[{"embeddable":true,"href":"https:\/\/wordpress-j0w0sk8wgcc4kck40s0c00o4.cloud.bebity.io\/en_gb\/wp-json\/wp\/v2\/media\/3363"}],"wp:attachment":[{"href":"https:\/\/wordpress-j0w0sk8wgcc4kck40s0c00o4.cloud.bebity.io\/en_gb\/wp-json\/wp\/v2\/media?parent=3362"}],"wp:term":[{"taxonomy":"product_brand","embeddable":true,"href":"https:\/\/wordpress-j0w0sk8wgcc4kck40s0c00o4.cloud.bebity.io\/en_gb\/wp-json\/wp\/v2\/product_brand?post=3362"},{"taxonomy":"product_cat","embeddable":true,"href":"https:\/\/wordpress-j0w0sk8wgcc4kck40s0c00o4.cloud.bebity.io\/en_gb\/wp-json\/wp\/v2\/product_cat?post=3362"},{"taxonomy":"product_tag","embeddable":true,"href":"https:\/\/wordpress-j0w0sk8wgcc4kck40s0c00o4.cloud.bebity.io\/en_gb\/wp-json\/wp\/v2\/product_tag?post=3362"}],"curies":[{"name":"wp","href":"https:\/\/api.w.org\/{rel}","templated":true}]}}