{"id":3781,"date":"2025-07-01T21:10:03","date_gmt":"2025-07-01T19:10:03","guid":{"rendered":"https:\/\/wordpress-j0w0sk8wgcc4kck40s0c00o4.cloud.bebity.io\/?post_type=product&#038;p=3781"},"modified":"2025-10-30T13:54:48","modified_gmt":"2025-10-30T12:54:48","slug":"amira-m-y","status":"publish","type":"product","link":"https:\/\/wordpress-j0w0sk8wgcc4kck40s0c00o4.cloud.bebity.io\/en_gb\/product\/amira-m-y\/","title":{"rendered":"Amira M\/Y"},"content":{"rendered":"<p><strong>The Amira is a Motor Yacht<\/strong> built in 1933 and designed by the architect O.M. Watts. It is listed as a BIP (Building of Heritage Interest). Its robust structure is made up of 3 levels of greenhouses and lined with 40. This boat, which has a rich history, is said to have taken part in Operation DYNAMO at Dunkirk in 1940 to help the British troops embark. She has undergone several refits since she was built and much of her history is available on request. Since 2018, the hull has been completely stripped over 2\/3 of its length, and the engine and water tanks have been removed. Spars and ribs were replaced and the spars were steam-bent and riveted with copper rivets. The Amira sails every year with her owners for cruises combining the comfort and charm of old boats. She has a berth in the harbour. Visits are possible every day by appointment. Please do not hesitate to contact us for further information.<\/p>","protected":false},"excerpt":{"rendered":"<p>L&rsquo;Amira est un Motor Yacht de 1933 dessin\u00e9 par l&rsquo;achitecte O.M. Watts. Il est class\u00e9 BIP (batiment d&rsquo;int\u00e9r\u00eat patrimonial). Sa robuste structure est constitu\u00e9e sur 3 niveaux de serres et bord\u00e9s de 40. Ce bateau dont l&rsquo;histoire est riche aurait particip\u00e9 \u00e0 l&rsquo;op\u00e9ration DYNAMO \u00e0 Dunkerque en 1940 pour le rembarquement des troupes anglaises. Il [&hellip;]<\/p>","protected":false},"featured_media":3782,"comment_status":"open","ping_status":"closed","template":"","meta":{"_acf_changed":false},"product_brand":[],"product_cat":[64],"product_tag":[],"class_list":{"0":"post-3781","1":"product","2":"type-product","3":"status-publish","4":"has-post-thumbnail","6":"product_cat-boats","8":"first","9":"instock","10":"purchasable","11":"product-type-simple"},"acf":[],"yoast_head":"<!-- This site is optimized with the Yoast SEO plugin v24.2 - https:\/\/yoast.com\/wordpress\/plugins\/seo\/ -->\n<title>Amira M\/Y - Boats &amp; Yatchs<\/title>\n<meta name=\"robots\" content=\"index, follow, max-snippet:-1, max-image-preview:large, max-video-preview:-1\" \/>\n<link rel=\"canonical\" href=\"https:\/\/wordpress-j0w0sk8wgcc4kck40s0c00o4.cloud.bebity.io\/en_gb\/product\/amira-m-y\/\" \/>\n<meta property=\"og:locale\" content=\"en_GB\" \/>\n<meta property=\"og:type\" content=\"article\" \/>\n<meta property=\"og:title\" content=\"Amira M\/Y - Boats &amp; Yatchs\" \/>\n<meta property=\"og:description\" content=\"L&rsquo;Amira est un Motor Yacht de 1933 dessin\u00e9 par l&rsquo;achitecte O.M. Watts. Il est class\u00e9 BIP (batiment d&rsquo;int\u00e9r\u00eat patrimonial). Sa robuste structure est constitu\u00e9e sur 3 niveaux de serres et bord\u00e9s de 40. Ce bateau dont l&rsquo;histoire est riche aurait particip\u00e9 \u00e0 l&rsquo;op\u00e9ration DYNAMO \u00e0 Dunkerque en 1940 pour le rembarquement des troupes anglaises. Il [&hellip;]\" \/>\n<meta property=\"og:url\" content=\"https:\/\/wordpress-j0w0sk8wgcc4kck40s0c00o4.cloud.bebity.io\/en_gb\/product\/amira-m-y\/\" \/>\n<meta property=\"og:site_name\" content=\"Boats &amp; Yatchs\" \/>\n<meta property=\"article:modified_time\" content=\"2025-10-30T12:54:48+00:00\" \/>\n<meta property=\"og:image\" content=\"https:\/\/wordpress-j0w0sk8wgcc4kck40s0c00o4.cloud.bebity.io\/wp-content\/uploads\/2025\/07\/1-AMIRA-CURTIS-LOOE-MOUILLAGE-Empuriabrava-.jpg\" \/>\n\t<meta property=\"og:image:width\" content=\"900\" \/>\n\t<meta property=\"og:image:height\" content=\"495\" \/>\n\t<meta property=\"og:image:type\" content=\"image\/jpeg\" \/>\n<meta name=\"twitter:card\" content=\"summary_large_image\" \/>\n<meta name=\"twitter:label1\" content=\"Estimated reading time\" \/>\n\t<meta name=\"twitter:data1\" content=\"2 minutes\" \/>\n<script type=\"application\/ld+json\" class=\"yoast-schema-graph\">{\"@context\":\"https:\/\/schema.org\",\"@graph\":[{\"@type\":\"WebPage\",\"@id\":\"https:\/\/wordpress-j0w0sk8wgcc4kck40s0c00o4.cloud.bebity.io\/product\/amira-m-y\/\",\"url\":\"https:\/\/wordpress-j0w0sk8wgcc4kck40s0c00o4.cloud.bebity.io\/product\/amira-m-y\/\",\"name\":\"Amira M\/Y - Boats &amp; Yatchs\",\"isPartOf\":{\"@id\":\"https:\/\/wordpress-j0w0sk8wgcc4kck40s0c00o4.cloud.bebity.io\/#website\"},\"primaryImageOfPage\":{\"@id\":\"https:\/\/wordpress-j0w0sk8wgcc4kck40s0c00o4.cloud.bebity.io\/product\/amira-m-y\/#primaryimage\"},\"image\":{\"@id\":\"https:\/\/wordpress-j0w0sk8wgcc4kck40s0c00o4.cloud.bebity.io\/product\/amira-m-y\/#primaryimage\"},\"thumbnailUrl\":\"https:\/\/wordpress-j0w0sk8wgcc4kck40s0c00o4.cloud.bebity.io\/wp-content\/uploads\/2025\/07\/1-AMIRA-CURTIS-LOOE-MOUILLAGE-Empuriabrava-.jpg\",\"datePublished\":\"2025-07-01T19:10:03+00:00\",\"dateModified\":\"2025-10-30T12:54:48+00:00\",\"breadcrumb\":{\"@id\":\"https:\/\/wordpress-j0w0sk8wgcc4kck40s0c00o4.cloud.bebity.io\/product\/amira-m-y\/#breadcrumb\"},\"inLanguage\":\"en-GB\",\"potentialAction\":[{\"@type\":\"ReadAction\",\"target\":[\"https:\/\/wordpress-j0w0sk8wgcc4kck40s0c00o4.cloud.bebity.io\/product\/amira-m-y\/\"]}]},{\"@type\":\"ImageObject\",\"inLanguage\":\"en-GB\",\"@id\":\"https:\/\/wordpress-j0w0sk8wgcc4kck40s0c00o4.cloud.bebity.io\/product\/amira-m-y\/#primaryimage\",\"url\":\"https:\/\/wordpress-j0w0sk8wgcc4kck40s0c00o4.cloud.bebity.io\/wp-content\/uploads\/2025\/07\/1-AMIRA-CURTIS-LOOE-MOUILLAGE-Empuriabrava-.jpg\",\"contentUrl\":\"https:\/\/wordpress-j0w0sk8wgcc4kck40s0c00o4.cloud.bebity.io\/wp-content\/uploads\/2025\/07\/1-AMIRA-CURTIS-LOOE-MOUILLAGE-Empuriabrava-.jpg\",\"width\":900,\"height\":495,\"caption\":\"AMIRA- CURTIS LOOE - MOUILLAGE Empuriabrava\"},{\"@type\":\"BreadcrumbList\",\"@id\":\"https:\/\/wordpress-j0w0sk8wgcc4kck40s0c00o4.cloud.bebity.io\/product\/amira-m-y\/#breadcrumb\",\"itemListElement\":[{\"@type\":\"ListItem\",\"position\":1,\"name\":\"Home\",\"item\":\"https:\/\/wordpress-j0w0sk8wgcc4kck40s0c00o4.cloud.bebity.io\/\"},{\"@type\":\"ListItem\",\"position\":2,\"name\":\"Shop\",\"item\":\"https:\/\/wordpress-j0w0sk8wgcc4kck40s0c00o4.cloud.bebity.io\/shop\/\"},{\"@type\":\"ListItem\",\"position\":3,\"name\":\"Amira M\/Y\"}]},{\"@type\":\"WebSite\",\"@id\":\"https:\/\/wordpress-j0w0sk8wgcc4kck40s0c00o4.cloud.bebity.io\/#website\",\"url\":\"https:\/\/wordpress-j0w0sk8wgcc4kck40s0c00o4.cloud.bebity.io\/\",\"name\":\"Boats &amp; Yatchs\",\"description\":\"Directory &amp; Listings WP Theme\",\"potentialAction\":[{\"@type\":\"SearchAction\",\"target\":{\"@type\":\"EntryPoint\",\"urlTemplate\":\"https:\/\/wordpress-j0w0sk8wgcc4kck40s0c00o4.cloud.bebity.io\/?s={search_term_string}\"},\"query-input\":{\"@type\":\"PropertyValueSpecification\",\"valueRequired\":true,\"valueName\":\"search_term_string\"}}],\"inLanguage\":\"en-GB\"}]}<\/script>\n<!-- \/ Yoast SEO plugin. -->","yoast_head_json":{"title":"Amira M\/Y - Boats &amp; Yatchs","robots":{"index":"index","follow":"follow","max-snippet":"max-snippet:-1","max-image-preview":"max-image-preview:large","max-video-preview":"max-video-preview:-1"},"canonical":"https:\/\/wordpress-j0w0sk8wgcc4kck40s0c00o4.cloud.bebity.io\/en_gb\/product\/amira-m-y\/","og_locale":"en_GB","og_type":"article","og_title":"Amira M\/Y - Boats &amp; Yatchs","og_description":"L&rsquo;Amira est un Motor Yacht de 1933 dessin\u00e9 par l&rsquo;achitecte O.M. Watts. Il est class\u00e9 BIP (batiment d&rsquo;int\u00e9r\u00eat patrimonial). Sa robuste structure est constitu\u00e9e sur 3 niveaux de serres et bord\u00e9s de 40. Ce bateau dont l&rsquo;histoire est riche aurait particip\u00e9 \u00e0 l&rsquo;op\u00e9ration DYNAMO \u00e0 Dunkerque en 1940 pour le rembarquement des troupes anglaises. Il [&hellip;]","og_url":"https:\/\/wordpress-j0w0sk8wgcc4kck40s0c00o4.cloud.bebity.io\/en_gb\/product\/amira-m-y\/","og_site_name":"Boats &amp; Yatchs","article_modified_time":"2025-10-30T12:54:48+00:00","og_image":[{"width":900,"height":495,"url":"https:\/\/wordpress-j0w0sk8wgcc4kck40s0c00o4.cloud.bebity.io\/wp-content\/uploads\/2025\/07\/1-AMIRA-CURTIS-LOOE-MOUILLAGE-Empuriabrava-.jpg","type":"image\/jpeg"}],"twitter_card":"summary_large_image","twitter_misc":{"Estimated reading time":"2 minutes"},"schema":{"@context":"https:\/\/schema.org","@graph":[{"@type":"WebPage","@id":"https:\/\/wordpress-j0w0sk8wgcc4kck40s0c00o4.cloud.bebity.io\/product\/amira-m-y\/","url":"https:\/\/wordpress-j0w0sk8wgcc4kck40s0c00o4.cloud.bebity.io\/product\/amira-m-y\/","name":"Amira M\/Y - Boats &amp; Yatchs","isPartOf":{"@id":"https:\/\/wordpress-j0w0sk8wgcc4kck40s0c00o4.cloud.bebity.io\/#website"},"primaryImageOfPage":{"@id":"https:\/\/wordpress-j0w0sk8wgcc4kck40s0c00o4.cloud.bebity.io\/product\/amira-m-y\/#primaryimage"},"image":{"@id":"https:\/\/wordpress-j0w0sk8wgcc4kck40s0c00o4.cloud.bebity.io\/product\/amira-m-y\/#primaryimage"},"thumbnailUrl":"https:\/\/wordpress-j0w0sk8wgcc4kck40s0c00o4.cloud.bebity.io\/wp-content\/uploads\/2025\/07\/1-AMIRA-CURTIS-LOOE-MOUILLAGE-Empuriabrava-.jpg","datePublished":"2025-07-01T19:10:03+00:00","dateModified":"2025-10-30T12:54:48+00:00","breadcrumb":{"@id":"https:\/\/wordpress-j0w0sk8wgcc4kck40s0c00o4.cloud.bebity.io\/product\/amira-m-y\/#breadcrumb"},"inLanguage":"en-GB","potentialAction":[{"@type":"ReadAction","target":["https:\/\/wordpress-j0w0sk8wgcc4kck40s0c00o4.cloud.bebity.io\/product\/amira-m-y\/"]}]},{"@type":"ImageObject","inLanguage":"en-GB","@id":"https:\/\/wordpress-j0w0sk8wgcc4kck40s0c00o4.cloud.bebity.io\/product\/amira-m-y\/#primaryimage","url":"https:\/\/wordpress-j0w0sk8wgcc4kck40s0c00o4.cloud.bebity.io\/wp-content\/uploads\/2025\/07\/1-AMIRA-CURTIS-LOOE-MOUILLAGE-Empuriabrava-.jpg","contentUrl":"https:\/\/wordpress-j0w0sk8wgcc4kck40s0c00o4.cloud.bebity.io\/wp-content\/uploads\/2025\/07\/1-AMIRA-CURTIS-LOOE-MOUILLAGE-Empuriabrava-.jpg","width":900,"height":495,"caption":"AMIRA- CURTIS LOOE - MOUILLAGE Empuriabrava"},{"@type":"BreadcrumbList","@id":"https:\/\/wordpress-j0w0sk8wgcc4kck40s0c00o4.cloud.bebity.io\/product\/amira-m-y\/#breadcrumb","itemListElement":[{"@type":"ListItem","position":1,"name":"Home","item":"https:\/\/wordpress-j0w0sk8wgcc4kck40s0c00o4.cloud.bebity.io\/"},{"@type":"ListItem","position":2,"name":"Shop","item":"https:\/\/wordpress-j0w0sk8wgcc4kck40s0c00o4.cloud.bebity.io\/shop\/"},{"@type":"ListItem","position":3,"name":"Amira M\/Y"}]},{"@type":"WebSite","@id":"https:\/\/wordpress-j0w0sk8wgcc4kck40s0c00o4.cloud.bebity.io\/#website","url":"https:\/\/wordpress-j0w0sk8wgcc4kck40s0c00o4.cloud.bebity.io\/","name":"Boats &amp; Yatchs","description":"Directory &amp; Listings WP Theme","potentialAction":[{"@type":"SearchAction","target":{"@type":"EntryPoint","urlTemplate":"https:\/\/wordpress-j0w0sk8wgcc4kck40s0c00o4.cloud.bebity.io\/?s={search_term_string}"},"query-input":{"@type":"PropertyValueSpecification","valueRequired":true,"valueName":"search_term_string"}}],"inLanguage":"en-GB"}]}},"_links":{"self":[{"href":"https:\/\/wordpress-j0w0sk8wgcc4kck40s0c00o4.cloud.bebity.io\/en_gb\/wp-json\/wp\/v2\/product\/3781","targetHints":{"allow":["GET"]}}],"collection":[{"href":"https:\/\/wordpress-j0w0sk8wgcc4kck40s0c00o4.cloud.bebity.io\/en_gb\/wp-json\/wp\/v2\/product"}],"about":[{"href":"https:\/\/wordpress-j0w0sk8wgcc4kck40s0c00o4.cloud.bebity.io\/en_gb\/wp-json\/wp\/v2\/types\/product"}],"replies":[{"embeddable":true,"href":"https:\/\/wordpress-j0w0sk8wgcc4kck40s0c00o4.cloud.bebity.io\/en_gb\/wp-json\/wp\/v2\/comments?post=3781"}],"version-history":[{"count":2,"href":"https:\/\/wordpress-j0w0sk8wgcc4kck40s0c00o4.cloud.bebity.io\/en_gb\/wp-json\/wp\/v2\/product\/3781\/revisions"}],"predecessor-version":[{"id":3806,"href":"https:\/\/wordpress-j0w0sk8wgcc4kck40s0c00o4.cloud.bebity.io\/en_gb\/wp-json\/wp\/v2\/product\/3781\/revisions\/3806"}],"wp:featuredmedia":[{"embeddable":true,"href":"https:\/\/wordpress-j0w0sk8wgcc4kck40s0c00o4.cloud.bebity.io\/en_gb\/wp-json\/wp\/v2\/media\/3782"}],"wp:attachment":[{"href":"https:\/\/wordpress-j0w0sk8wgcc4kck40s0c00o4.cloud.bebity.io\/en_gb\/wp-json\/wp\/v2\/media?parent=3781"}],"wp:term":[{"taxonomy":"product_brand","embeddable":true,"href":"https:\/\/wordpress-j0w0sk8wgcc4kck40s0c00o4.cloud.bebity.io\/en_gb\/wp-json\/wp\/v2\/product_brand?post=3781"},{"taxonomy":"product_cat","embeddable":true,"href":"https:\/\/wordpress-j0w0sk8wgcc4kck40s0c00o4.cloud.bebity.io\/en_gb\/wp-json\/wp\/v2\/product_cat?post=3781"},{"taxonomy":"product_tag","embeddable":true,"href":"https:\/\/wordpress-j0w0sk8wgcc4kck40s0c00o4.cloud.bebity.io\/en_gb\/wp-json\/wp\/v2\/product_tag?post=3781"}],"curies":[{"name":"wp","href":"https:\/\/api.w.org\/{rel}","templated":true}]}}