{"id":3409,"date":"2025-06-25T16:53:57","date_gmt":"2025-06-25T14:53:57","guid":{"rendered":"https:\/\/wordpress-j0w0sk8wgcc4kck40s0c00o4.cloud.bebity.io\/?post_type=product&#038;p=3409"},"modified":"2025-06-25T17:02:54","modified_gmt":"2025-06-25T15:02:54","slug":"gran-turismo-41","status":"publish","type":"product","link":"https:\/\/wordpress-j0w0sk8wgcc4kck40s0c00o4.cloud.bebity.io\/es_es\/product\/gran-turismo-41\/","title":{"rendered":"Gran Turismo 41"},"content":{"rendered":"<p>Le B\u00e9n\u00e9teau <strong>Gran Turismo 41<\/strong> est un bateau express cruiser de 12,67 m\u00e8tres qui allie performance sportive, confort haut de gamme et technologie avanc\u00e9e. Il se distingue par son design \u00e9l\u00e9gant et ses \u00e9quipements modernes. Le Gran Turismo 41 est propuls\u00e9 par deux moteurs Volvo Penta D4 de 300 ch associ\u00e9s \u00e0 des drives \u00e0 h\u00e9lice arri\u00e8re. Cette configuration permet d&rsquo;atteindre une vitesse de croisi\u00e8re de 23 \u00e0 27 n\u0153uds et une vitesse maximale de 33 \u00e0 38 n\u0153uds, selon le moteur choisi. La technologie Air Step\u00ae brevet\u00e9e par B\u00e9n\u00e9teau optimise la stabilit\u00e9, r\u00e9duit la consommation de carburant et am\u00e9liore l&rsquo;acc\u00e9l\u00e9ration en augmentant le flux d&rsquo;air sous la coque . Le syst\u00e8me de joystick et le propulseur d&rsquo;\u00e9trave facilitent les man\u0153uvres, m\u00eame dans des espaces restreints .<br \/>\nL&rsquo;int\u00e9rieur du Gran Turismo 41 offre un cadre de vie moderne et chaleureux, avec des finitions en noyer gris et un \u00e9clairage LED.<br \/>\nVisite posssible tous les jours sur rendez &#8211; vous.<br \/>\nN&rsquo;h\u00e9sitez pas \u00e0 nous contacter si vous souhaitez plus d&rsquo;informations.<\/p>","protected":false},"excerpt":{"rendered":"<p>Le B\u00e9n\u00e9teau Gran Turismo 41 est un bateau express cruiser de 12,67 m\u00e8tres qui allie performance sportive, confort haut de gamme et technologie avanc\u00e9e. Il se distingue par son design \u00e9l\u00e9gant et ses \u00e9quipements modernes. Le Gran Turismo 41 est propuls\u00e9 par deux moteurs Volvo Penta D4 de 300 ch associ\u00e9s \u00e0 des drives \u00e0 [&hellip;]<\/p>","protected":false},"featured_media":3411,"comment_status":"open","ping_status":"closed","template":"","meta":{"_acf_changed":false},"product_brand":[],"product_cat":[64],"product_tag":[],"class_list":{"0":"post-3409","1":"product","2":"type-product","3":"status-publish","4":"has-post-thumbnail","6":"product_cat-boats","8":"first","9":"instock","10":"purchasable","11":"product-type-simple"},"acf":[],"yoast_head":"<!-- This site is optimized with the Yoast SEO plugin v24.2 - https:\/\/yoast.com\/wordpress\/plugins\/seo\/ -->\n<title>Gran Turismo 41 - Boats &amp; Yatchs<\/title>\n<meta name=\"robots\" content=\"index, follow, max-snippet:-1, max-image-preview:large, max-video-preview:-1\" \/>\n<link rel=\"canonical\" href=\"https:\/\/wordpress-j0w0sk8wgcc4kck40s0c00o4.cloud.bebity.io\/es_es\/product\/gran-turismo-41\/\" \/>\n<meta property=\"og:locale\" content=\"es_ES\" \/>\n<meta property=\"og:type\" content=\"article\" \/>\n<meta property=\"og:title\" content=\"Gran Turismo 41 - Boats &amp; Yatchs\" \/>\n<meta property=\"og:description\" content=\"Le B\u00e9n\u00e9teau Gran Turismo 41 est un bateau express cruiser de 12,67 m\u00e8tres qui allie performance sportive, confort haut de gamme et technologie avanc\u00e9e. Il se distingue par son design \u00e9l\u00e9gant et ses \u00e9quipements modernes. Le Gran Turismo 41 est propuls\u00e9 par deux moteurs Volvo Penta D4 de 300 ch associ\u00e9s \u00e0 des drives \u00e0 [&hellip;]\" \/>\n<meta property=\"og:url\" content=\"https:\/\/wordpress-j0w0sk8wgcc4kck40s0c00o4.cloud.bebity.io\/es_es\/product\/gran-turismo-41\/\" \/>\n<meta property=\"og:site_name\" content=\"Boats &amp; Yatchs\" \/>\n<meta property=\"article:modified_time\" content=\"2025-06-25T15:02:54+00:00\" \/>\n<meta property=\"og:image\" content=\"https:\/\/wordpress-j0w0sk8wgcc4kck40s0c00o4.cloud.bebity.io\/wp-content\/uploads\/2025\/06\/00-Beneteau-Gran-turismo-41-en-navigation-Empuriabrava.webp\" \/>\n\t<meta property=\"og:image:width\" content=\"760\" \/>\n\t<meta property=\"og:image:height\" content=\"450\" \/>\n\t<meta property=\"og:image:type\" content=\"image\/webp\" \/>\n<meta name=\"twitter:card\" content=\"summary_large_image\" \/>\n<meta name=\"twitter:label1\" content=\"Tiempo de lectura\" \/>\n\t<meta name=\"twitter:data1\" content=\"2 minutos\" \/>\n<script type=\"application\/ld+json\" class=\"yoast-schema-graph\">{\"@context\":\"https:\/\/schema.org\",\"@graph\":[{\"@type\":\"WebPage\",\"@id\":\"https:\/\/wordpress-j0w0sk8wgcc4kck40s0c00o4.cloud.bebity.io\/product\/gran-turismo-41\/\",\"url\":\"https:\/\/wordpress-j0w0sk8wgcc4kck40s0c00o4.cloud.bebity.io\/product\/gran-turismo-41\/\",\"name\":\"Gran Turismo 41 - Boats &amp; Yatchs\",\"isPartOf\":{\"@id\":\"https:\/\/wordpress-j0w0sk8wgcc4kck40s0c00o4.cloud.bebity.io\/#website\"},\"primaryImageOfPage\":{\"@id\":\"https:\/\/wordpress-j0w0sk8wgcc4kck40s0c00o4.cloud.bebity.io\/product\/gran-turismo-41\/#primaryimage\"},\"image\":{\"@id\":\"https:\/\/wordpress-j0w0sk8wgcc4kck40s0c00o4.cloud.bebity.io\/product\/gran-turismo-41\/#primaryimage\"},\"thumbnailUrl\":\"https:\/\/wordpress-j0w0sk8wgcc4kck40s0c00o4.cloud.bebity.io\/wp-content\/uploads\/2025\/06\/00-Beneteau-Gran-turismo-41-en-navigation-Empuriabrava.webp\",\"datePublished\":\"2025-06-25T14:53:57+00:00\",\"dateModified\":\"2025-06-25T15:02:54+00:00\",\"breadcrumb\":{\"@id\":\"https:\/\/wordpress-j0w0sk8wgcc4kck40s0c00o4.cloud.bebity.io\/product\/gran-turismo-41\/#breadcrumb\"},\"inLanguage\":\"es\",\"potentialAction\":[{\"@type\":\"ReadAction\",\"target\":[\"https:\/\/wordpress-j0w0sk8wgcc4kck40s0c00o4.cloud.bebity.io\/product\/gran-turismo-41\/\"]}]},{\"@type\":\"ImageObject\",\"inLanguage\":\"es\",\"@id\":\"https:\/\/wordpress-j0w0sk8wgcc4kck40s0c00o4.cloud.bebity.io\/product\/gran-turismo-41\/#primaryimage\",\"url\":\"https:\/\/wordpress-j0w0sk8wgcc4kck40s0c00o4.cloud.bebity.io\/wp-content\/uploads\/2025\/06\/00-Beneteau-Gran-turismo-41-en-navigation-Empuriabrava.webp\",\"contentUrl\":\"https:\/\/wordpress-j0w0sk8wgcc4kck40s0c00o4.cloud.bebity.io\/wp-content\/uploads\/2025\/06\/00-Beneteau-Gran-turismo-41-en-navigation-Empuriabrava.webp\",\"width\":760,\"height\":450,\"caption\":\"B\u00e9n\u00e9teau Gran turismo 41 en navigation Empuriabrava\"},{\"@type\":\"BreadcrumbList\",\"@id\":\"https:\/\/wordpress-j0w0sk8wgcc4kck40s0c00o4.cloud.bebity.io\/product\/gran-turismo-41\/#breadcrumb\",\"itemListElement\":[{\"@type\":\"ListItem\",\"position\":1,\"name\":\"Home\",\"item\":\"https:\/\/wordpress-j0w0sk8wgcc4kck40s0c00o4.cloud.bebity.io\/\"},{\"@type\":\"ListItem\",\"position\":2,\"name\":\"Shop\",\"item\":\"https:\/\/wordpress-j0w0sk8wgcc4kck40s0c00o4.cloud.bebity.io\/shop\/\"},{\"@type\":\"ListItem\",\"position\":3,\"name\":\"Gran Turismo 41\"}]},{\"@type\":\"WebSite\",\"@id\":\"https:\/\/wordpress-j0w0sk8wgcc4kck40s0c00o4.cloud.bebity.io\/#website\",\"url\":\"https:\/\/wordpress-j0w0sk8wgcc4kck40s0c00o4.cloud.bebity.io\/\",\"name\":\"Boats &amp; Yatchs\",\"description\":\"Directory &amp; Listings WP Theme\",\"potentialAction\":[{\"@type\":\"SearchAction\",\"target\":{\"@type\":\"EntryPoint\",\"urlTemplate\":\"https:\/\/wordpress-j0w0sk8wgcc4kck40s0c00o4.cloud.bebity.io\/?s={search_term_string}\"},\"query-input\":{\"@type\":\"PropertyValueSpecification\",\"valueRequired\":true,\"valueName\":\"search_term_string\"}}],\"inLanguage\":\"es\"}]}<\/script>\n<!-- \/ Yoast SEO plugin. -->","yoast_head_json":{"title":"Gran Turismo 41 - Boats &amp; Yatchs","robots":{"index":"index","follow":"follow","max-snippet":"max-snippet:-1","max-image-preview":"max-image-preview:large","max-video-preview":"max-video-preview:-1"},"canonical":"https:\/\/wordpress-j0w0sk8wgcc4kck40s0c00o4.cloud.bebity.io\/es_es\/product\/gran-turismo-41\/","og_locale":"es_ES","og_type":"article","og_title":"Gran Turismo 41 - Boats &amp; Yatchs","og_description":"Le B\u00e9n\u00e9teau Gran Turismo 41 est un bateau express cruiser de 12,67 m\u00e8tres qui allie performance sportive, confort haut de gamme et technologie avanc\u00e9e. Il se distingue par son design \u00e9l\u00e9gant et ses \u00e9quipements modernes. Le Gran Turismo 41 est propuls\u00e9 par deux moteurs Volvo Penta D4 de 300 ch associ\u00e9s \u00e0 des drives \u00e0 [&hellip;]","og_url":"https:\/\/wordpress-j0w0sk8wgcc4kck40s0c00o4.cloud.bebity.io\/es_es\/product\/gran-turismo-41\/","og_site_name":"Boats &amp; Yatchs","article_modified_time":"2025-06-25T15:02:54+00:00","og_image":[{"width":760,"height":450,"url":"https:\/\/wordpress-j0w0sk8wgcc4kck40s0c00o4.cloud.bebity.io\/wp-content\/uploads\/2025\/06\/00-Beneteau-Gran-turismo-41-en-navigation-Empuriabrava.webp","type":"image\/webp"}],"twitter_card":"summary_large_image","twitter_misc":{"Tiempo de lectura":"2 minutos"},"schema":{"@context":"https:\/\/schema.org","@graph":[{"@type":"WebPage","@id":"https:\/\/wordpress-j0w0sk8wgcc4kck40s0c00o4.cloud.bebity.io\/product\/gran-turismo-41\/","url":"https:\/\/wordpress-j0w0sk8wgcc4kck40s0c00o4.cloud.bebity.io\/product\/gran-turismo-41\/","name":"Gran Turismo 41 - Boats &amp; Yatchs","isPartOf":{"@id":"https:\/\/wordpress-j0w0sk8wgcc4kck40s0c00o4.cloud.bebity.io\/#website"},"primaryImageOfPage":{"@id":"https:\/\/wordpress-j0w0sk8wgcc4kck40s0c00o4.cloud.bebity.io\/product\/gran-turismo-41\/#primaryimage"},"image":{"@id":"https:\/\/wordpress-j0w0sk8wgcc4kck40s0c00o4.cloud.bebity.io\/product\/gran-turismo-41\/#primaryimage"},"thumbnailUrl":"https:\/\/wordpress-j0w0sk8wgcc4kck40s0c00o4.cloud.bebity.io\/wp-content\/uploads\/2025\/06\/00-Beneteau-Gran-turismo-41-en-navigation-Empuriabrava.webp","datePublished":"2025-06-25T14:53:57+00:00","dateModified":"2025-06-25T15:02:54+00:00","breadcrumb":{"@id":"https:\/\/wordpress-j0w0sk8wgcc4kck40s0c00o4.cloud.bebity.io\/product\/gran-turismo-41\/#breadcrumb"},"inLanguage":"es","potentialAction":[{"@type":"ReadAction","target":["https:\/\/wordpress-j0w0sk8wgcc4kck40s0c00o4.cloud.bebity.io\/product\/gran-turismo-41\/"]}]},{"@type":"ImageObject","inLanguage":"es","@id":"https:\/\/wordpress-j0w0sk8wgcc4kck40s0c00o4.cloud.bebity.io\/product\/gran-turismo-41\/#primaryimage","url":"https:\/\/wordpress-j0w0sk8wgcc4kck40s0c00o4.cloud.bebity.io\/wp-content\/uploads\/2025\/06\/00-Beneteau-Gran-turismo-41-en-navigation-Empuriabrava.webp","contentUrl":"https:\/\/wordpress-j0w0sk8wgcc4kck40s0c00o4.cloud.bebity.io\/wp-content\/uploads\/2025\/06\/00-Beneteau-Gran-turismo-41-en-navigation-Empuriabrava.webp","width":760,"height":450,"caption":"B\u00e9n\u00e9teau Gran turismo 41 en navigation Empuriabrava"},{"@type":"BreadcrumbList","@id":"https:\/\/wordpress-j0w0sk8wgcc4kck40s0c00o4.cloud.bebity.io\/product\/gran-turismo-41\/#breadcrumb","itemListElement":[{"@type":"ListItem","position":1,"name":"Home","item":"https:\/\/wordpress-j0w0sk8wgcc4kck40s0c00o4.cloud.bebity.io\/"},{"@type":"ListItem","position":2,"name":"Shop","item":"https:\/\/wordpress-j0w0sk8wgcc4kck40s0c00o4.cloud.bebity.io\/shop\/"},{"@type":"ListItem","position":3,"name":"Gran Turismo 41"}]},{"@type":"WebSite","@id":"https:\/\/wordpress-j0w0sk8wgcc4kck40s0c00o4.cloud.bebity.io\/#website","url":"https:\/\/wordpress-j0w0sk8wgcc4kck40s0c00o4.cloud.bebity.io\/","name":"Boats &amp; Yatchs","description":"Directory &amp; Listings WP Theme","potentialAction":[{"@type":"SearchAction","target":{"@type":"EntryPoint","urlTemplate":"https:\/\/wordpress-j0w0sk8wgcc4kck40s0c00o4.cloud.bebity.io\/?s={search_term_string}"},"query-input":{"@type":"PropertyValueSpecification","valueRequired":true,"valueName":"search_term_string"}}],"inLanguage":"es"}]}},"_links":{"self":[{"href":"https:\/\/wordpress-j0w0sk8wgcc4kck40s0c00o4.cloud.bebity.io\/es_es\/wp-json\/wp\/v2\/product\/3409","targetHints":{"allow":["GET"]}}],"collection":[{"href":"https:\/\/wordpress-j0w0sk8wgcc4kck40s0c00o4.cloud.bebity.io\/es_es\/wp-json\/wp\/v2\/product"}],"about":[{"href":"https:\/\/wordpress-j0w0sk8wgcc4kck40s0c00o4.cloud.bebity.io\/es_es\/wp-json\/wp\/v2\/types\/product"}],"replies":[{"embeddable":true,"href":"https:\/\/wordpress-j0w0sk8wgcc4kck40s0c00o4.cloud.bebity.io\/es_es\/wp-json\/wp\/v2\/comments?post=3409"}],"version-history":[{"count":1,"href":"https:\/\/wordpress-j0w0sk8wgcc4kck40s0c00o4.cloud.bebity.io\/es_es\/wp-json\/wp\/v2\/product\/3409\/revisions"}],"predecessor-version":[{"id":3410,"href":"https:\/\/wordpress-j0w0sk8wgcc4kck40s0c00o4.cloud.bebity.io\/es_es\/wp-json\/wp\/v2\/product\/3409\/revisions\/3410"}],"wp:featuredmedia":[{"embeddable":true,"href":"https:\/\/wordpress-j0w0sk8wgcc4kck40s0c00o4.cloud.bebity.io\/es_es\/wp-json\/wp\/v2\/media\/3411"}],"wp:attachment":[{"href":"https:\/\/wordpress-j0w0sk8wgcc4kck40s0c00o4.cloud.bebity.io\/es_es\/wp-json\/wp\/v2\/media?parent=3409"}],"wp:term":[{"taxonomy":"product_brand","embeddable":true,"href":"https:\/\/wordpress-j0w0sk8wgcc4kck40s0c00o4.cloud.bebity.io\/es_es\/wp-json\/wp\/v2\/product_brand?post=3409"},{"taxonomy":"product_cat","embeddable":true,"href":"https:\/\/wordpress-j0w0sk8wgcc4kck40s0c00o4.cloud.bebity.io\/es_es\/wp-json\/wp\/v2\/product_cat?post=3409"},{"taxonomy":"product_tag","embeddable":true,"href":"https:\/\/wordpress-j0w0sk8wgcc4kck40s0c00o4.cloud.bebity.io\/es_es\/wp-json\/wp\/v2\/product_tag?post=3409"}],"curies":[{"name":"wp","href":"https:\/\/api.w.org\/{rel}","templated":true}]}}