{"id":3455,"date":"2025-06-25T20:15:00","date_gmt":"2025-06-25T18:15:00","guid":{"rendered":"https:\/\/wordpress-j0w0sk8wgcc4kck40s0c00o4.cloud.bebity.io\/?post_type=product&#038;p=3455"},"modified":"2025-06-25T20:15:12","modified_gmt":"2025-06-25T18:15:12","slug":"arcoa-38","status":"publish","type":"product","link":"https:\/\/wordpress-j0w0sk8wgcc4kck40s0c00o4.cloud.bebity.io\/es_es\/product\/arcoa-38\/","title":{"rendered":"Arcoa 38"},"content":{"rendered":"<p>L'<strong>Arcoa 38<\/strong> es un yate famoso por su construcci\u00f3n, confort a bordo y rendimiento marino. Desarrollado por el astillero Arcoa, es especialmente popular en el Mediterr\u00e1neo.<br \/>\nEste semiplaneador ofrece un excelente comportamiento en el mar, incluso con mala mar, gracias a una pronunciada \"V\" y una proa completa. Est\u00e1 propulsado por motores Volvo D6 de 310 CV cada uno, que le proporcionan una velocidad de crucero de unos 30 nudos y una velocidad m\u00e1xima de 38 nudos. Todos los a\u00f1os es invernado en tierra. Se puede visitar todos los d\u00edas con cita previa. Para m\u00e1s informaci\u00f3n, no dude en ponerse en contacto con nosotros.<\/p>","protected":false},"excerpt":{"rendered":"<p>L&rsquo;Arcoa 38 est une vedette r\u00e9put\u00e9e pour sa construction, son confort \u00e0 bord et ses performances marines. D\u00e9velopp\u00e9e par le chantier Arcoa, elle est particuli\u00e8rement appr\u00e9ci\u00e9e en m\u00e9diterran\u00e9e. Cette ar\u00e8ne semi-planante offre une excellente tenue en mer, m\u00eame par mer agit\u00e9e, gr\u00e2ce \u00e0 un \u00ab\u00a0V\u00a0\u00bb prononc\u00e9 et une \u00e9trave pleine. Il est \u00e9quip\u00e9 de moteurs [&hellip;]<\/p>","protected":false},"featured_media":3456,"comment_status":"open","ping_status":"closed","template":"","meta":{"_acf_changed":false},"product_brand":[],"product_cat":[64],"product_tag":[],"class_list":{"0":"post-3455","1":"product","2":"type-product","3":"status-publish","4":"has-post-thumbnail","6":"product_cat-boats","8":"first","9":"instock","10":"purchasable","11":"product-type-simple"},"acf":[],"yoast_head":"<!-- This site is optimized with the Yoast SEO plugin v24.2 - https:\/\/yoast.com\/wordpress\/plugins\/seo\/ -->\n<title>Arcoa 38 - Boats &amp; Yatchs<\/title>\n<meta name=\"robots\" content=\"index, follow, max-snippet:-1, max-image-preview:large, max-video-preview:-1\" \/>\n<link rel=\"canonical\" href=\"https:\/\/wordpress-j0w0sk8wgcc4kck40s0c00o4.cloud.bebity.io\/es_es\/product\/arcoa-38\/\" \/>\n<meta property=\"og:locale\" content=\"es_ES\" \/>\n<meta property=\"og:type\" content=\"article\" \/>\n<meta property=\"og:title\" content=\"Arcoa 38 - Boats &amp; Yatchs\" \/>\n<meta property=\"og:description\" content=\"L&rsquo;Arcoa 38 est une vedette r\u00e9put\u00e9e pour sa construction, son confort \u00e0 bord et ses performances marines. D\u00e9velopp\u00e9e par le chantier Arcoa, elle est particuli\u00e8rement appr\u00e9ci\u00e9e en m\u00e9diterran\u00e9e. Cette ar\u00e8ne semi-planante offre une excellente tenue en mer, m\u00eame par mer agit\u00e9e, gr\u00e2ce \u00e0 un \u00ab\u00a0V\u00a0\u00bb prononc\u00e9 et une \u00e9trave pleine. Il est \u00e9quip\u00e9 de moteurs [&hellip;]\" \/>\n<meta property=\"og:url\" content=\"https:\/\/wordpress-j0w0sk8wgcc4kck40s0c00o4.cloud.bebity.io\/es_es\/product\/arcoa-38\/\" \/>\n<meta property=\"og:site_name\" content=\"Boats &amp; Yatchs\" \/>\n<meta property=\"article:modified_time\" content=\"2025-06-25T18:15:12+00:00\" \/>\n<meta property=\"og:image\" content=\"https:\/\/wordpress-j0w0sk8wgcc4kck40s0c00o4.cloud.bebity.io\/wp-content\/uploads\/2025\/06\/1-Arcoa-38-vue-a-terre-Empuriabrava.jpg\" \/>\n\t<meta property=\"og:image:width\" content=\"900\" \/>\n\t<meta property=\"og:image:height\" content=\"522\" \/>\n\t<meta property=\"og:image:type\" content=\"image\/jpeg\" \/>\n<meta name=\"twitter:card\" content=\"summary_large_image\" \/>\n<meta name=\"twitter:label1\" content=\"Tiempo de lectura\" \/>\n\t<meta name=\"twitter:data1\" content=\"1 minuto\" \/>\n<script type=\"application\/ld+json\" class=\"yoast-schema-graph\">{\"@context\":\"https:\/\/schema.org\",\"@graph\":[{\"@type\":\"WebPage\",\"@id\":\"https:\/\/wordpress-j0w0sk8wgcc4kck40s0c00o4.cloud.bebity.io\/product\/arcoa-38\/\",\"url\":\"https:\/\/wordpress-j0w0sk8wgcc4kck40s0c00o4.cloud.bebity.io\/product\/arcoa-38\/\",\"name\":\"Arcoa 38 - Boats &amp; Yatchs\",\"isPartOf\":{\"@id\":\"https:\/\/wordpress-j0w0sk8wgcc4kck40s0c00o4.cloud.bebity.io\/#website\"},\"primaryImageOfPage\":{\"@id\":\"https:\/\/wordpress-j0w0sk8wgcc4kck40s0c00o4.cloud.bebity.io\/product\/arcoa-38\/#primaryimage\"},\"image\":{\"@id\":\"https:\/\/wordpress-j0w0sk8wgcc4kck40s0c00o4.cloud.bebity.io\/product\/arcoa-38\/#primaryimage\"},\"thumbnailUrl\":\"https:\/\/wordpress-j0w0sk8wgcc4kck40s0c00o4.cloud.bebity.io\/wp-content\/uploads\/2025\/06\/1-Arcoa-38-vue-a-terre-Empuriabrava.jpg\",\"datePublished\":\"2025-06-25T18:15:00+00:00\",\"dateModified\":\"2025-06-25T18:15:12+00:00\",\"breadcrumb\":{\"@id\":\"https:\/\/wordpress-j0w0sk8wgcc4kck40s0c00o4.cloud.bebity.io\/product\/arcoa-38\/#breadcrumb\"},\"inLanguage\":\"es\",\"potentialAction\":[{\"@type\":\"ReadAction\",\"target\":[\"https:\/\/wordpress-j0w0sk8wgcc4kck40s0c00o4.cloud.bebity.io\/product\/arcoa-38\/\"]}]},{\"@type\":\"ImageObject\",\"inLanguage\":\"es\",\"@id\":\"https:\/\/wordpress-j0w0sk8wgcc4kck40s0c00o4.cloud.bebity.io\/product\/arcoa-38\/#primaryimage\",\"url\":\"https:\/\/wordpress-j0w0sk8wgcc4kck40s0c00o4.cloud.bebity.io\/wp-content\/uploads\/2025\/06\/1-Arcoa-38-vue-a-terre-Empuriabrava.jpg\",\"contentUrl\":\"https:\/\/wordpress-j0w0sk8wgcc4kck40s0c00o4.cloud.bebity.io\/wp-content\/uploads\/2025\/06\/1-Arcoa-38-vue-a-terre-Empuriabrava.jpg\",\"width\":900,\"height\":522,\"caption\":\"Arcoa 38 vue \u00e0 terre Empuriabrava\"},{\"@type\":\"BreadcrumbList\",\"@id\":\"https:\/\/wordpress-j0w0sk8wgcc4kck40s0c00o4.cloud.bebity.io\/product\/arcoa-38\/#breadcrumb\",\"itemListElement\":[{\"@type\":\"ListItem\",\"position\":1,\"name\":\"Home\",\"item\":\"https:\/\/wordpress-j0w0sk8wgcc4kck40s0c00o4.cloud.bebity.io\/\"},{\"@type\":\"ListItem\",\"position\":2,\"name\":\"Shop\",\"item\":\"https:\/\/wordpress-j0w0sk8wgcc4kck40s0c00o4.cloud.bebity.io\/shop\/\"},{\"@type\":\"ListItem\",\"position\":3,\"name\":\"Arcoa 38\"}]},{\"@type\":\"WebSite\",\"@id\":\"https:\/\/wordpress-j0w0sk8wgcc4kck40s0c00o4.cloud.bebity.io\/#website\",\"url\":\"https:\/\/wordpress-j0w0sk8wgcc4kck40s0c00o4.cloud.bebity.io\/\",\"name\":\"Boats &amp; Yatchs\",\"description\":\"Directory &amp; Listings WP Theme\",\"potentialAction\":[{\"@type\":\"SearchAction\",\"target\":{\"@type\":\"EntryPoint\",\"urlTemplate\":\"https:\/\/wordpress-j0w0sk8wgcc4kck40s0c00o4.cloud.bebity.io\/?s={search_term_string}\"},\"query-input\":{\"@type\":\"PropertyValueSpecification\",\"valueRequired\":true,\"valueName\":\"search_term_string\"}}],\"inLanguage\":\"es\"}]}<\/script>\n<!-- \/ Yoast SEO plugin. -->","yoast_head_json":{"title":"Arcoa 38 - Boats &amp; Yatchs","robots":{"index":"index","follow":"follow","max-snippet":"max-snippet:-1","max-image-preview":"max-image-preview:large","max-video-preview":"max-video-preview:-1"},"canonical":"https:\/\/wordpress-j0w0sk8wgcc4kck40s0c00o4.cloud.bebity.io\/es_es\/product\/arcoa-38\/","og_locale":"es_ES","og_type":"article","og_title":"Arcoa 38 - Boats &amp; Yatchs","og_description":"L&rsquo;Arcoa 38 est une vedette r\u00e9put\u00e9e pour sa construction, son confort \u00e0 bord et ses performances marines. D\u00e9velopp\u00e9e par le chantier Arcoa, elle est particuli\u00e8rement appr\u00e9ci\u00e9e en m\u00e9diterran\u00e9e. Cette ar\u00e8ne semi-planante offre une excellente tenue en mer, m\u00eame par mer agit\u00e9e, gr\u00e2ce \u00e0 un \u00ab\u00a0V\u00a0\u00bb prononc\u00e9 et une \u00e9trave pleine. Il est \u00e9quip\u00e9 de moteurs [&hellip;]","og_url":"https:\/\/wordpress-j0w0sk8wgcc4kck40s0c00o4.cloud.bebity.io\/es_es\/product\/arcoa-38\/","og_site_name":"Boats &amp; Yatchs","article_modified_time":"2025-06-25T18:15:12+00:00","og_image":[{"width":900,"height":522,"url":"https:\/\/wordpress-j0w0sk8wgcc4kck40s0c00o4.cloud.bebity.io\/wp-content\/uploads\/2025\/06\/1-Arcoa-38-vue-a-terre-Empuriabrava.jpg","type":"image\/jpeg"}],"twitter_card":"summary_large_image","twitter_misc":{"Tiempo de lectura":"1 minuto"},"schema":{"@context":"https:\/\/schema.org","@graph":[{"@type":"WebPage","@id":"https:\/\/wordpress-j0w0sk8wgcc4kck40s0c00o4.cloud.bebity.io\/product\/arcoa-38\/","url":"https:\/\/wordpress-j0w0sk8wgcc4kck40s0c00o4.cloud.bebity.io\/product\/arcoa-38\/","name":"Arcoa 38 - Boats &amp; Yatchs","isPartOf":{"@id":"https:\/\/wordpress-j0w0sk8wgcc4kck40s0c00o4.cloud.bebity.io\/#website"},"primaryImageOfPage":{"@id":"https:\/\/wordpress-j0w0sk8wgcc4kck40s0c00o4.cloud.bebity.io\/product\/arcoa-38\/#primaryimage"},"image":{"@id":"https:\/\/wordpress-j0w0sk8wgcc4kck40s0c00o4.cloud.bebity.io\/product\/arcoa-38\/#primaryimage"},"thumbnailUrl":"https:\/\/wordpress-j0w0sk8wgcc4kck40s0c00o4.cloud.bebity.io\/wp-content\/uploads\/2025\/06\/1-Arcoa-38-vue-a-terre-Empuriabrava.jpg","datePublished":"2025-06-25T18:15:00+00:00","dateModified":"2025-06-25T18:15:12+00:00","breadcrumb":{"@id":"https:\/\/wordpress-j0w0sk8wgcc4kck40s0c00o4.cloud.bebity.io\/product\/arcoa-38\/#breadcrumb"},"inLanguage":"es","potentialAction":[{"@type":"ReadAction","target":["https:\/\/wordpress-j0w0sk8wgcc4kck40s0c00o4.cloud.bebity.io\/product\/arcoa-38\/"]}]},{"@type":"ImageObject","inLanguage":"es","@id":"https:\/\/wordpress-j0w0sk8wgcc4kck40s0c00o4.cloud.bebity.io\/product\/arcoa-38\/#primaryimage","url":"https:\/\/wordpress-j0w0sk8wgcc4kck40s0c00o4.cloud.bebity.io\/wp-content\/uploads\/2025\/06\/1-Arcoa-38-vue-a-terre-Empuriabrava.jpg","contentUrl":"https:\/\/wordpress-j0w0sk8wgcc4kck40s0c00o4.cloud.bebity.io\/wp-content\/uploads\/2025\/06\/1-Arcoa-38-vue-a-terre-Empuriabrava.jpg","width":900,"height":522,"caption":"Arcoa 38 vue \u00e0 terre Empuriabrava"},{"@type":"BreadcrumbList","@id":"https:\/\/wordpress-j0w0sk8wgcc4kck40s0c00o4.cloud.bebity.io\/product\/arcoa-38\/#breadcrumb","itemListElement":[{"@type":"ListItem","position":1,"name":"Home","item":"https:\/\/wordpress-j0w0sk8wgcc4kck40s0c00o4.cloud.bebity.io\/"},{"@type":"ListItem","position":2,"name":"Shop","item":"https:\/\/wordpress-j0w0sk8wgcc4kck40s0c00o4.cloud.bebity.io\/shop\/"},{"@type":"ListItem","position":3,"name":"Arcoa 38"}]},{"@type":"WebSite","@id":"https:\/\/wordpress-j0w0sk8wgcc4kck40s0c00o4.cloud.bebity.io\/#website","url":"https:\/\/wordpress-j0w0sk8wgcc4kck40s0c00o4.cloud.bebity.io\/","name":"Boats &amp; Yatchs","description":"Directory &amp; Listings WP Theme","potentialAction":[{"@type":"SearchAction","target":{"@type":"EntryPoint","urlTemplate":"https:\/\/wordpress-j0w0sk8wgcc4kck40s0c00o4.cloud.bebity.io\/?s={search_term_string}"},"query-input":{"@type":"PropertyValueSpecification","valueRequired":true,"valueName":"search_term_string"}}],"inLanguage":"es"}]}},"_links":{"self":[{"href":"https:\/\/wordpress-j0w0sk8wgcc4kck40s0c00o4.cloud.bebity.io\/es_es\/wp-json\/wp\/v2\/product\/3455","targetHints":{"allow":["GET"]}}],"collection":[{"href":"https:\/\/wordpress-j0w0sk8wgcc4kck40s0c00o4.cloud.bebity.io\/es_es\/wp-json\/wp\/v2\/product"}],"about":[{"href":"https:\/\/wordpress-j0w0sk8wgcc4kck40s0c00o4.cloud.bebity.io\/es_es\/wp-json\/wp\/v2\/types\/product"}],"replies":[{"embeddable":true,"href":"https:\/\/wordpress-j0w0sk8wgcc4kck40s0c00o4.cloud.bebity.io\/es_es\/wp-json\/wp\/v2\/comments?post=3455"}],"version-history":[{"count":1,"href":"https:\/\/wordpress-j0w0sk8wgcc4kck40s0c00o4.cloud.bebity.io\/es_es\/wp-json\/wp\/v2\/product\/3455\/revisions"}],"predecessor-version":[{"id":3465,"href":"https:\/\/wordpress-j0w0sk8wgcc4kck40s0c00o4.cloud.bebity.io\/es_es\/wp-json\/wp\/v2\/product\/3455\/revisions\/3465"}],"wp:featuredmedia":[{"embeddable":true,"href":"https:\/\/wordpress-j0w0sk8wgcc4kck40s0c00o4.cloud.bebity.io\/es_es\/wp-json\/wp\/v2\/media\/3456"}],"wp:attachment":[{"href":"https:\/\/wordpress-j0w0sk8wgcc4kck40s0c00o4.cloud.bebity.io\/es_es\/wp-json\/wp\/v2\/media?parent=3455"}],"wp:term":[{"taxonomy":"product_brand","embeddable":true,"href":"https:\/\/wordpress-j0w0sk8wgcc4kck40s0c00o4.cloud.bebity.io\/es_es\/wp-json\/wp\/v2\/product_brand?post=3455"},{"taxonomy":"product_cat","embeddable":true,"href":"https:\/\/wordpress-j0w0sk8wgcc4kck40s0c00o4.cloud.bebity.io\/es_es\/wp-json\/wp\/v2\/product_cat?post=3455"},{"taxonomy":"product_tag","embeddable":true,"href":"https:\/\/wordpress-j0w0sk8wgcc4kck40s0c00o4.cloud.bebity.io\/es_es\/wp-json\/wp\/v2\/product_tag?post=3455"}],"curies":[{"name":"wp","href":"https:\/\/api.w.org\/{rel}","templated":true}]}}