{"id":3971,"date":"2026-02-02T12:37:31","date_gmt":"2026-02-02T11:37:31","guid":{"rendered":"https:\/\/wordpress-j0w0sk8wgcc4kck40s0c00o4.cloud.bebity.io\/?post_type=product&#038;p=3971"},"modified":"2026-02-02T12:37:40","modified_gmt":"2026-02-02T11:37:40","slug":"lunettes-aurak-icon","status":"publish","type":"product","link":"https:\/\/wordpress-j0w0sk8wgcc4kck40s0c00o4.cloud.bebity.io\/es_es\/product\/lunettes-aurak-icon\/","title":{"rendered":"Lunettes AURAK ICON"},"content":{"rendered":"<div id=\"product-description-short\">\n<p>Enti\u00e8rement noir et carbone pour un look sport et sobre<\/p>\n<\/div>\n<div id=\"product-description\">\n<p>Les lunettes b\u00e9n\u00e9ficient du syst\u00e8me \u201ceasy change\u201d. Elles sont fournies dans un coffret avec un verre antibrouillard et un verre noir photochromique.<\/p>\n<h2>Notre savoir faire<\/h2>\n<p>En partenariat avec des opticiens de pointe, nos lunettes sont d\u00e9velopp\u00e9es dans l\u2019esprit du design des casques et masques Aurak.<\/p>\n<p>Nos lunettes reprennent les codes \u201csignature\u201d de la marque Aurak tels que le design des trois ventilations sur les casques et la forme des montures des masques.<\/p>\n<p>Nos lunettes sont fabriqu\u00e9es \u00e0 partir de mat\u00e9riaux nobles tels que carbone, magn\u00e9sium, titane \u2026<\/p>\n<h2>Montures<\/h2>\n<ul>\n<li>\n<h3>1 VERRE POLARIS\u00c9 FUM\u00c9 CAT 3<\/h3>\n<\/li>\n<li>\n<h3>1 VERRE ORANGE CAT 2<\/h3>\n<\/li>\n<li>\n<h3>1 VERRE PHOTOCHROMIQUE CAT 1-3<\/h3>\n<\/li>\n<li>\n<h3>ANTI RAYURE<\/h3>\n<\/li>\n<\/ul>\n<h2>Branches<\/h2>\n<ul>\n<li>\n<h3>GRILAMID (TR 90)<\/h3>\n<\/li>\n<li>\n<h3>QUASIMENT INCASSABLE<\/h3>\n<\/li>\n<li>\n<h3>LA PAIRE DE LUNETTES EST EXCEPTIONNELLEMENT L\u00c9G\u00c8RE<\/h3>\n<\/li>\n<li>\n<h3>LE MAT\u00c9RIAU EST HYPOALLERG\u00c9NIQUE. IL EST TR\u00c8S R\u00c9SISTANT AUX CHOCS ET AUX IMPACTS. IL NE SE D\u00c9FORME PAS<\/h3>\n<\/li>\n<li>\n<h3>SYST\u00c8ME \u201cEASY CHANGE\u201d<\/h3>\n<\/li>\n<\/ul>\n<\/div>","protected":false},"excerpt":{"rendered":"<p>Enti\u00e8rement noir et carbone pour un look sport et sobre Les lunettes b\u00e9n\u00e9ficient du syst\u00e8me \u201ceasy change\u201d. Elles sont fournies dans un coffret avec un verre antibrouillard et un verre noir photochromique. Notre savoir faire En partenariat avec des opticiens de pointe, nos lunettes sont d\u00e9velopp\u00e9es dans l\u2019esprit du design des casques et masques Aurak. [&hellip;]<\/p>","protected":false},"featured_media":3966,"comment_status":"open","ping_status":"closed","template":"","meta":{"_acf_changed":false},"product_brand":[],"product_cat":[86],"product_tag":[],"class_list":{"0":"post-3971","1":"product","2":"type-product","3":"status-publish","4":"has-post-thumbnail","6":"product_cat-accessoires-nautiques","7":"product_shipping_class-colis-lunettes-aurak","9":"first","10":"instock","11":"sale","12":"taxable","13":"shipping-taxable","14":"purchasable","15":"product-type-simple"},"acf":[],"yoast_head":"<!-- This site is optimized with the Yoast SEO plugin v24.2 - https:\/\/yoast.com\/wordpress\/plugins\/seo\/ -->\n<title>Lunettes AURAK ICON - Boats &amp; Yatchs<\/title>\n<meta name=\"robots\" content=\"index, follow, max-snippet:-1, max-image-preview:large, max-video-preview:-1\" \/>\n<link rel=\"canonical\" href=\"https:\/\/wordpress-j0w0sk8wgcc4kck40s0c00o4.cloud.bebity.io\/es_es\/product\/lunettes-aurak-icon\/\" \/>\n<meta property=\"og:locale\" content=\"es_ES\" \/>\n<meta property=\"og:type\" content=\"article\" \/>\n<meta property=\"og:title\" content=\"Lunettes AURAK ICON - Boats &amp; Yatchs\" \/>\n<meta property=\"og:description\" content=\"Enti\u00e8rement noir et carbone pour un look sport et sobre Les lunettes b\u00e9n\u00e9ficient du syst\u00e8me \u201ceasy change\u201d. Elles sont fournies dans un coffret avec un verre antibrouillard et un verre noir photochromique. Notre savoir faire En partenariat avec des opticiens de pointe, nos lunettes sont d\u00e9velopp\u00e9es dans l\u2019esprit du design des casques et masques Aurak. [&hellip;]\" \/>\n<meta property=\"og:url\" content=\"https:\/\/wordpress-j0w0sk8wgcc4kck40s0c00o4.cloud.bebity.io\/es_es\/product\/lunettes-aurak-icon\/\" \/>\n<meta property=\"og:site_name\" content=\"Boats &amp; Yatchs\" \/>\n<meta property=\"article:modified_time\" content=\"2026-02-02T11:37:40+00:00\" \/>\n<meta property=\"og:image\" content=\"https:\/\/wordpress-j0w0sk8wgcc4kck40s0c00o4.cloud.bebity.io\/wp-content\/uploads\/2026\/02\/ikon.jpg.webp\" \/>\n\t<meta property=\"og:image:width\" content=\"1000\" \/>\n\t<meta property=\"og:image:height\" content=\"1000\" \/>\n\t<meta property=\"og:image:type\" content=\"image\/webp\" \/>\n<meta name=\"twitter:card\" content=\"summary_large_image\" \/>\n<meta name=\"twitter:label1\" content=\"Tiempo de lectura\" \/>\n\t<meta name=\"twitter:data1\" content=\"1 minuto\" \/>\n<script type=\"application\/ld+json\" class=\"yoast-schema-graph\">{\"@context\":\"https:\/\/schema.org\",\"@graph\":[{\"@type\":\"WebPage\",\"@id\":\"https:\/\/wordpress-j0w0sk8wgcc4kck40s0c00o4.cloud.bebity.io\/product\/lunettes-aurak-icon\/\",\"url\":\"https:\/\/wordpress-j0w0sk8wgcc4kck40s0c00o4.cloud.bebity.io\/product\/lunettes-aurak-icon\/\",\"name\":\"Lunettes AURAK ICON - Boats &amp; Yatchs\",\"isPartOf\":{\"@id\":\"https:\/\/wordpress-j0w0sk8wgcc4kck40s0c00o4.cloud.bebity.io\/#website\"},\"primaryImageOfPage\":{\"@id\":\"https:\/\/wordpress-j0w0sk8wgcc4kck40s0c00o4.cloud.bebity.io\/product\/lunettes-aurak-icon\/#primaryimage\"},\"image\":{\"@id\":\"https:\/\/wordpress-j0w0sk8wgcc4kck40s0c00o4.cloud.bebity.io\/product\/lunettes-aurak-icon\/#primaryimage\"},\"thumbnailUrl\":\"https:\/\/wordpress-j0w0sk8wgcc4kck40s0c00o4.cloud.bebity.io\/wp-content\/uploads\/2026\/02\/ikon.jpg.webp\",\"datePublished\":\"2026-02-02T11:37:31+00:00\",\"dateModified\":\"2026-02-02T11:37:40+00:00\",\"breadcrumb\":{\"@id\":\"https:\/\/wordpress-j0w0sk8wgcc4kck40s0c00o4.cloud.bebity.io\/product\/lunettes-aurak-icon\/#breadcrumb\"},\"inLanguage\":\"es\",\"potentialAction\":[{\"@type\":\"ReadAction\",\"target\":[\"https:\/\/wordpress-j0w0sk8wgcc4kck40s0c00o4.cloud.bebity.io\/product\/lunettes-aurak-icon\/\"]}]},{\"@type\":\"ImageObject\",\"inLanguage\":\"es\",\"@id\":\"https:\/\/wordpress-j0w0sk8wgcc4kck40s0c00o4.cloud.bebity.io\/product\/lunettes-aurak-icon\/#primaryimage\",\"url\":\"https:\/\/wordpress-j0w0sk8wgcc4kck40s0c00o4.cloud.bebity.io\/wp-content\/uploads\/2026\/02\/ikon.jpg.webp\",\"contentUrl\":\"https:\/\/wordpress-j0w0sk8wgcc4kck40s0c00o4.cloud.bebity.io\/wp-content\/uploads\/2026\/02\/ikon.jpg.webp\",\"width\":1000,\"height\":1000},{\"@type\":\"BreadcrumbList\",\"@id\":\"https:\/\/wordpress-j0w0sk8wgcc4kck40s0c00o4.cloud.bebity.io\/product\/lunettes-aurak-icon\/#breadcrumb\",\"itemListElement\":[{\"@type\":\"ListItem\",\"position\":1,\"name\":\"Home\",\"item\":\"https:\/\/wordpress-j0w0sk8wgcc4kck40s0c00o4.cloud.bebity.io\/\"},{\"@type\":\"ListItem\",\"position\":2,\"name\":\"Shop\",\"item\":\"https:\/\/wordpress-j0w0sk8wgcc4kck40s0c00o4.cloud.bebity.io\/shop\/\"},{\"@type\":\"ListItem\",\"position\":3,\"name\":\"Lunettes AURAK ICON\"}]},{\"@type\":\"WebSite\",\"@id\":\"https:\/\/wordpress-j0w0sk8wgcc4kck40s0c00o4.cloud.bebity.io\/#website\",\"url\":\"https:\/\/wordpress-j0w0sk8wgcc4kck40s0c00o4.cloud.bebity.io\/\",\"name\":\"Boats &amp; Yatchs\",\"description\":\"Directory &amp; Listings WP Theme\",\"potentialAction\":[{\"@type\":\"SearchAction\",\"target\":{\"@type\":\"EntryPoint\",\"urlTemplate\":\"https:\/\/wordpress-j0w0sk8wgcc4kck40s0c00o4.cloud.bebity.io\/?s={search_term_string}\"},\"query-input\":{\"@type\":\"PropertyValueSpecification\",\"valueRequired\":true,\"valueName\":\"search_term_string\"}}],\"inLanguage\":\"es\"}]}<\/script>\n<!-- \/ Yoast SEO plugin. -->","yoast_head_json":{"title":"Lunettes AURAK ICON - Boats &amp; Yatchs","robots":{"index":"index","follow":"follow","max-snippet":"max-snippet:-1","max-image-preview":"max-image-preview:large","max-video-preview":"max-video-preview:-1"},"canonical":"https:\/\/wordpress-j0w0sk8wgcc4kck40s0c00o4.cloud.bebity.io\/es_es\/product\/lunettes-aurak-icon\/","og_locale":"es_ES","og_type":"article","og_title":"Lunettes AURAK ICON - Boats &amp; Yatchs","og_description":"Enti\u00e8rement noir et carbone pour un look sport et sobre Les lunettes b\u00e9n\u00e9ficient du syst\u00e8me \u201ceasy change\u201d. Elles sont fournies dans un coffret avec un verre antibrouillard et un verre noir photochromique. Notre savoir faire En partenariat avec des opticiens de pointe, nos lunettes sont d\u00e9velopp\u00e9es dans l\u2019esprit du design des casques et masques Aurak. [&hellip;]","og_url":"https:\/\/wordpress-j0w0sk8wgcc4kck40s0c00o4.cloud.bebity.io\/es_es\/product\/lunettes-aurak-icon\/","og_site_name":"Boats &amp; Yatchs","article_modified_time":"2026-02-02T11:37:40+00:00","og_image":[{"width":1000,"height":1000,"url":"https:\/\/wordpress-j0w0sk8wgcc4kck40s0c00o4.cloud.bebity.io\/wp-content\/uploads\/2026\/02\/ikon.jpg.webp","type":"image\/webp"}],"twitter_card":"summary_large_image","twitter_misc":{"Tiempo de lectura":"1 minuto"},"schema":{"@context":"https:\/\/schema.org","@graph":[{"@type":"WebPage","@id":"https:\/\/wordpress-j0w0sk8wgcc4kck40s0c00o4.cloud.bebity.io\/product\/lunettes-aurak-icon\/","url":"https:\/\/wordpress-j0w0sk8wgcc4kck40s0c00o4.cloud.bebity.io\/product\/lunettes-aurak-icon\/","name":"Lunettes AURAK ICON - Boats &amp; Yatchs","isPartOf":{"@id":"https:\/\/wordpress-j0w0sk8wgcc4kck40s0c00o4.cloud.bebity.io\/#website"},"primaryImageOfPage":{"@id":"https:\/\/wordpress-j0w0sk8wgcc4kck40s0c00o4.cloud.bebity.io\/product\/lunettes-aurak-icon\/#primaryimage"},"image":{"@id":"https:\/\/wordpress-j0w0sk8wgcc4kck40s0c00o4.cloud.bebity.io\/product\/lunettes-aurak-icon\/#primaryimage"},"thumbnailUrl":"https:\/\/wordpress-j0w0sk8wgcc4kck40s0c00o4.cloud.bebity.io\/wp-content\/uploads\/2026\/02\/ikon.jpg.webp","datePublished":"2026-02-02T11:37:31+00:00","dateModified":"2026-02-02T11:37:40+00:00","breadcrumb":{"@id":"https:\/\/wordpress-j0w0sk8wgcc4kck40s0c00o4.cloud.bebity.io\/product\/lunettes-aurak-icon\/#breadcrumb"},"inLanguage":"es","potentialAction":[{"@type":"ReadAction","target":["https:\/\/wordpress-j0w0sk8wgcc4kck40s0c00o4.cloud.bebity.io\/product\/lunettes-aurak-icon\/"]}]},{"@type":"ImageObject","inLanguage":"es","@id":"https:\/\/wordpress-j0w0sk8wgcc4kck40s0c00o4.cloud.bebity.io\/product\/lunettes-aurak-icon\/#primaryimage","url":"https:\/\/wordpress-j0w0sk8wgcc4kck40s0c00o4.cloud.bebity.io\/wp-content\/uploads\/2026\/02\/ikon.jpg.webp","contentUrl":"https:\/\/wordpress-j0w0sk8wgcc4kck40s0c00o4.cloud.bebity.io\/wp-content\/uploads\/2026\/02\/ikon.jpg.webp","width":1000,"height":1000},{"@type":"BreadcrumbList","@id":"https:\/\/wordpress-j0w0sk8wgcc4kck40s0c00o4.cloud.bebity.io\/product\/lunettes-aurak-icon\/#breadcrumb","itemListElement":[{"@type":"ListItem","position":1,"name":"Home","item":"https:\/\/wordpress-j0w0sk8wgcc4kck40s0c00o4.cloud.bebity.io\/"},{"@type":"ListItem","position":2,"name":"Shop","item":"https:\/\/wordpress-j0w0sk8wgcc4kck40s0c00o4.cloud.bebity.io\/shop\/"},{"@type":"ListItem","position":3,"name":"Lunettes AURAK ICON"}]},{"@type":"WebSite","@id":"https:\/\/wordpress-j0w0sk8wgcc4kck40s0c00o4.cloud.bebity.io\/#website","url":"https:\/\/wordpress-j0w0sk8wgcc4kck40s0c00o4.cloud.bebity.io\/","name":"Boats &amp; Yatchs","description":"Directory &amp; Listings WP Theme","potentialAction":[{"@type":"SearchAction","target":{"@type":"EntryPoint","urlTemplate":"https:\/\/wordpress-j0w0sk8wgcc4kck40s0c00o4.cloud.bebity.io\/?s={search_term_string}"},"query-input":{"@type":"PropertyValueSpecification","valueRequired":true,"valueName":"search_term_string"}}],"inLanguage":"es"}]}},"_links":{"self":[{"href":"https:\/\/wordpress-j0w0sk8wgcc4kck40s0c00o4.cloud.bebity.io\/es_es\/wp-json\/wp\/v2\/product\/3971","targetHints":{"allow":["GET"]}}],"collection":[{"href":"https:\/\/wordpress-j0w0sk8wgcc4kck40s0c00o4.cloud.bebity.io\/es_es\/wp-json\/wp\/v2\/product"}],"about":[{"href":"https:\/\/wordpress-j0w0sk8wgcc4kck40s0c00o4.cloud.bebity.io\/es_es\/wp-json\/wp\/v2\/types\/product"}],"replies":[{"embeddable":true,"href":"https:\/\/wordpress-j0w0sk8wgcc4kck40s0c00o4.cloud.bebity.io\/es_es\/wp-json\/wp\/v2\/comments?post=3971"}],"version-history":[{"count":1,"href":"https:\/\/wordpress-j0w0sk8wgcc4kck40s0c00o4.cloud.bebity.io\/es_es\/wp-json\/wp\/v2\/product\/3971\/revisions"}],"predecessor-version":[{"id":3973,"href":"https:\/\/wordpress-j0w0sk8wgcc4kck40s0c00o4.cloud.bebity.io\/es_es\/wp-json\/wp\/v2\/product\/3971\/revisions\/3973"}],"wp:featuredmedia":[{"embeddable":true,"href":"https:\/\/wordpress-j0w0sk8wgcc4kck40s0c00o4.cloud.bebity.io\/es_es\/wp-json\/wp\/v2\/media\/3966"}],"wp:attachment":[{"href":"https:\/\/wordpress-j0w0sk8wgcc4kck40s0c00o4.cloud.bebity.io\/es_es\/wp-json\/wp\/v2\/media?parent=3971"}],"wp:term":[{"taxonomy":"product_brand","embeddable":true,"href":"https:\/\/wordpress-j0w0sk8wgcc4kck40s0c00o4.cloud.bebity.io\/es_es\/wp-json\/wp\/v2\/product_brand?post=3971"},{"taxonomy":"product_cat","embeddable":true,"href":"https:\/\/wordpress-j0w0sk8wgcc4kck40s0c00o4.cloud.bebity.io\/es_es\/wp-json\/wp\/v2\/product_cat?post=3971"},{"taxonomy":"product_tag","embeddable":true,"href":"https:\/\/wordpress-j0w0sk8wgcc4kck40s0c00o4.cloud.bebity.io\/es_es\/wp-json\/wp\/v2\/product_tag?post=3971"}],"curies":[{"name":"wp","href":"https:\/\/api.w.org\/{rel}","templated":true}]}}