{"id":2881,"date":"2025-04-20T17:09:04","date_gmt":"2025-04-20T15:09:04","guid":{"rendered":"https:\/\/wordpress-j0w0sk8wgcc4kck40s0c00o4.cloud.bebity.io\/?post_type=product&#038;p=2881"},"modified":"2026-02-02T18:07:14","modified_gmt":"2026-02-02T17:07:14","slug":"kart-boat-kt-0602","status":"publish","type":"product","link":"https:\/\/wordpress-j0w0sk8wgcc4kck40s0c00o4.cloud.bebity.io\/fr_fr\/product\/kart-boat-kt-0602\/","title":{"rendered":"Kart Boat KT-0602"},"content":{"rendered":"<p>Con\u00e7u pour l&rsquo;agilit\u00e9, ce bateau offre une maniabilit\u00e9 et une r\u00e9activit\u00e9 exceptionnelles, ce qui le rend parfait pour les virages serr\u00e9s.<\/p>\n<p>Profitez de sessions de surf de longue dur\u00e9e avec jusqu&rsquo;\u00e0 une heure d&rsquo;utilisation continue pour les utilisateurs exp\u00e9riment\u00e9s, et plus de deux heures pour les d\u00e9butants, gr\u00e2ce \u00e0 notre technologie de batterie avanc\u00e9e.<\/p>\n<p>Est \u00e9quip\u00e9 d&rsquo;un moteur enti\u00e8rement \u00e9lectrique, offrant une exp\u00e9rience d&rsquo;utilisation propre, efficace et respectueuse de l&rsquo;environnement.<\/p>\n<p>Gr\u00e2ce \u00e0 son syst\u00e8me de commande intuitif, le kart \u00e9lectrique est facile \u00e0 utiliser, ce qui le rend accessible aux utilisateurs de tous niveaux.<\/p>\n<p>\u00c9quip\u00e9 de diff\u00e9rents modes de vitesse s\u00e9lectionnables, les pilotes peuvent facilement passer d&rsquo;une vitesse \u00e9lev\u00e9e \u00e0 une vitesse faible pour s&rsquo;adapter \u00e0 leur style de pilotage et aux conditions de la mer.<\/p>\n","protected":false},"excerpt":{"rendered":"<p>Con\u00e7u pour l&rsquo;agilit\u00e9, ce bateau offre une maniabilit\u00e9 et une r\u00e9activit\u00e9 exceptionnelles, ce qui le rend parfait pour les virages serr\u00e9s. Profitez de sessions de surf de longue dur\u00e9e avec jusqu&rsquo;\u00e0 une heure d&rsquo;utilisation continue pour les utilisateurs exp\u00e9riment\u00e9s, et plus de deux heures pour les d\u00e9butants, gr\u00e2ce \u00e0 notre technologie de batterie avanc\u00e9e. Est [&hellip;]<\/p>\n","protected":false},"featured_media":2889,"comment_status":"open","ping_status":"closed","template":"","meta":{"_acf_changed":false},"product_brand":[],"product_cat":[81],"product_tag":[],"class_list":{"0":"post-2881","1":"product","2":"type-product","3":"status-publish","4":"has-post-thumbnail","6":"product_cat-nautical-recreation","8":"first","9":"instock","10":"taxable","11":"shipping-taxable","12":"purchasable","13":"product-type-simple"},"acf":[],"yoast_head":"<!-- This site is optimized with the Yoast SEO plugin v24.2 - https:\/\/yoast.com\/wordpress\/plugins\/seo\/ -->\n<title>Kart Boat KT-0602 - Boats &amp; Yatchs<\/title>\n<meta name=\"robots\" content=\"index, follow, max-snippet:-1, max-image-preview:large, max-video-preview:-1\" \/>\n<link rel=\"canonical\" href=\"https:\/\/wordpress-j0w0sk8wgcc4kck40s0c00o4.cloud.bebity.io\/fr_fr\/product\/kart-boat-kt-0602\/\" \/>\n<meta property=\"og:locale\" content=\"fr_FR\" \/>\n<meta property=\"og:type\" content=\"article\" \/>\n<meta property=\"og:title\" content=\"Kart Boat KT-0602 - Boats &amp; Yatchs\" \/>\n<meta property=\"og:description\" content=\"Con\u00e7u pour l&rsquo;agilit\u00e9, ce bateau offre une maniabilit\u00e9 et une r\u00e9activit\u00e9 exceptionnelles, ce qui le rend parfait pour les virages serr\u00e9s. Profitez de sessions de surf de longue dur\u00e9e avec jusqu&rsquo;\u00e0 une heure d&rsquo;utilisation continue pour les utilisateurs exp\u00e9riment\u00e9s, et plus de deux heures pour les d\u00e9butants, gr\u00e2ce \u00e0 notre technologie de batterie avanc\u00e9e. Est [&hellip;]\" \/>\n<meta property=\"og:url\" content=\"https:\/\/wordpress-j0w0sk8wgcc4kck40s0c00o4.cloud.bebity.io\/fr_fr\/product\/kart-boat-kt-0602\/\" \/>\n<meta property=\"og:site_name\" content=\"Boats &amp; Yatchs\" \/>\n<meta property=\"article:modified_time\" content=\"2026-02-02T17:07:14+00:00\" \/>\n<meta property=\"og:image\" content=\"https:\/\/wordpress-j0w0sk8wgcc4kck40s0c00o4.cloud.bebity.io\/wp-content\/uploads\/2025\/04\/Capture-decran-2025-04-21-a-11.13.30.png\" \/>\n\t<meta property=\"og:image:width\" content=\"776\" \/>\n\t<meta property=\"og:image:height\" content=\"504\" \/>\n\t<meta property=\"og:image:type\" content=\"image\/png\" \/>\n<meta name=\"twitter:card\" content=\"summary_large_image\" \/>\n<meta name=\"twitter:label1\" content=\"Dur\u00e9e de lecture estim\u00e9e\" \/>\n\t<meta name=\"twitter:data1\" content=\"1 minute\" \/>\n<script type=\"application\/ld+json\" class=\"yoast-schema-graph\">{\"@context\":\"https:\/\/schema.org\",\"@graph\":[{\"@type\":\"WebPage\",\"@id\":\"https:\/\/wordpress-j0w0sk8wgcc4kck40s0c00o4.cloud.bebity.io\/product\/kart-boat-kt-0602\/\",\"url\":\"https:\/\/wordpress-j0w0sk8wgcc4kck40s0c00o4.cloud.bebity.io\/product\/kart-boat-kt-0602\/\",\"name\":\"Kart Boat KT-0602 - Boats &amp; Yatchs\",\"isPartOf\":{\"@id\":\"https:\/\/wordpress-j0w0sk8wgcc4kck40s0c00o4.cloud.bebity.io\/#website\"},\"primaryImageOfPage\":{\"@id\":\"https:\/\/wordpress-j0w0sk8wgcc4kck40s0c00o4.cloud.bebity.io\/product\/kart-boat-kt-0602\/#primaryimage\"},\"image\":{\"@id\":\"https:\/\/wordpress-j0w0sk8wgcc4kck40s0c00o4.cloud.bebity.io\/product\/kart-boat-kt-0602\/#primaryimage\"},\"thumbnailUrl\":\"https:\/\/wordpress-j0w0sk8wgcc4kck40s0c00o4.cloud.bebity.io\/wp-content\/uploads\/2025\/04\/Capture-decran-2025-04-21-a-11.13.30.png\",\"datePublished\":\"2025-04-20T15:09:04+00:00\",\"dateModified\":\"2026-02-02T17:07:14+00:00\",\"breadcrumb\":{\"@id\":\"https:\/\/wordpress-j0w0sk8wgcc4kck40s0c00o4.cloud.bebity.io\/product\/kart-boat-kt-0602\/#breadcrumb\"},\"inLanguage\":\"fr-FR\",\"potentialAction\":[{\"@type\":\"ReadAction\",\"target\":[\"https:\/\/wordpress-j0w0sk8wgcc4kck40s0c00o4.cloud.bebity.io\/product\/kart-boat-kt-0602\/\"]}]},{\"@type\":\"ImageObject\",\"inLanguage\":\"fr-FR\",\"@id\":\"https:\/\/wordpress-j0w0sk8wgcc4kck40s0c00o4.cloud.bebity.io\/product\/kart-boat-kt-0602\/#primaryimage\",\"url\":\"https:\/\/wordpress-j0w0sk8wgcc4kck40s0c00o4.cloud.bebity.io\/wp-content\/uploads\/2025\/04\/Capture-decran-2025-04-21-a-11.13.30.png\",\"contentUrl\":\"https:\/\/wordpress-j0w0sk8wgcc4kck40s0c00o4.cloud.bebity.io\/wp-content\/uploads\/2025\/04\/Capture-decran-2025-04-21-a-11.13.30.png\",\"width\":776,\"height\":504},{\"@type\":\"BreadcrumbList\",\"@id\":\"https:\/\/wordpress-j0w0sk8wgcc4kck40s0c00o4.cloud.bebity.io\/product\/kart-boat-kt-0602\/#breadcrumb\",\"itemListElement\":[{\"@type\":\"ListItem\",\"position\":1,\"name\":\"Home\",\"item\":\"https:\/\/wordpress-j0w0sk8wgcc4kck40s0c00o4.cloud.bebity.io\/\"},{\"@type\":\"ListItem\",\"position\":2,\"name\":\"Shop\",\"item\":\"https:\/\/wordpress-j0w0sk8wgcc4kck40s0c00o4.cloud.bebity.io\/shop\/\"},{\"@type\":\"ListItem\",\"position\":3,\"name\":\"Kart Boat KT-0602\"}]},{\"@type\":\"WebSite\",\"@id\":\"https:\/\/wordpress-j0w0sk8wgcc4kck40s0c00o4.cloud.bebity.io\/#website\",\"url\":\"https:\/\/wordpress-j0w0sk8wgcc4kck40s0c00o4.cloud.bebity.io\/\",\"name\":\"Boats &amp; Yatchs\",\"description\":\"Directory &amp; Listings WP Theme\",\"potentialAction\":[{\"@type\":\"SearchAction\",\"target\":{\"@type\":\"EntryPoint\",\"urlTemplate\":\"https:\/\/wordpress-j0w0sk8wgcc4kck40s0c00o4.cloud.bebity.io\/?s={search_term_string}\"},\"query-input\":{\"@type\":\"PropertyValueSpecification\",\"valueRequired\":true,\"valueName\":\"search_term_string\"}}],\"inLanguage\":\"fr-FR\"}]}<\/script>\n<!-- \/ Yoast SEO plugin. -->","yoast_head_json":{"title":"Kart Boat KT-0602 - Boats &amp; Yatchs","robots":{"index":"index","follow":"follow","max-snippet":"max-snippet:-1","max-image-preview":"max-image-preview:large","max-video-preview":"max-video-preview:-1"},"canonical":"https:\/\/wordpress-j0w0sk8wgcc4kck40s0c00o4.cloud.bebity.io\/fr_fr\/product\/kart-boat-kt-0602\/","og_locale":"fr_FR","og_type":"article","og_title":"Kart Boat KT-0602 - Boats &amp; Yatchs","og_description":"Con\u00e7u pour l&rsquo;agilit\u00e9, ce bateau offre une maniabilit\u00e9 et une r\u00e9activit\u00e9 exceptionnelles, ce qui le rend parfait pour les virages serr\u00e9s. Profitez de sessions de surf de longue dur\u00e9e avec jusqu&rsquo;\u00e0 une heure d&rsquo;utilisation continue pour les utilisateurs exp\u00e9riment\u00e9s, et plus de deux heures pour les d\u00e9butants, gr\u00e2ce \u00e0 notre technologie de batterie avanc\u00e9e. Est [&hellip;]","og_url":"https:\/\/wordpress-j0w0sk8wgcc4kck40s0c00o4.cloud.bebity.io\/fr_fr\/product\/kart-boat-kt-0602\/","og_site_name":"Boats &amp; Yatchs","article_modified_time":"2026-02-02T17:07:14+00:00","og_image":[{"width":776,"height":504,"url":"https:\/\/wordpress-j0w0sk8wgcc4kck40s0c00o4.cloud.bebity.io\/wp-content\/uploads\/2025\/04\/Capture-decran-2025-04-21-a-11.13.30.png","type":"image\/png"}],"twitter_card":"summary_large_image","twitter_misc":{"Dur\u00e9e de lecture estim\u00e9e":"1 minute"},"schema":{"@context":"https:\/\/schema.org","@graph":[{"@type":"WebPage","@id":"https:\/\/wordpress-j0w0sk8wgcc4kck40s0c00o4.cloud.bebity.io\/product\/kart-boat-kt-0602\/","url":"https:\/\/wordpress-j0w0sk8wgcc4kck40s0c00o4.cloud.bebity.io\/product\/kart-boat-kt-0602\/","name":"Kart Boat KT-0602 - Boats &amp; Yatchs","isPartOf":{"@id":"https:\/\/wordpress-j0w0sk8wgcc4kck40s0c00o4.cloud.bebity.io\/#website"},"primaryImageOfPage":{"@id":"https:\/\/wordpress-j0w0sk8wgcc4kck40s0c00o4.cloud.bebity.io\/product\/kart-boat-kt-0602\/#primaryimage"},"image":{"@id":"https:\/\/wordpress-j0w0sk8wgcc4kck40s0c00o4.cloud.bebity.io\/product\/kart-boat-kt-0602\/#primaryimage"},"thumbnailUrl":"https:\/\/wordpress-j0w0sk8wgcc4kck40s0c00o4.cloud.bebity.io\/wp-content\/uploads\/2025\/04\/Capture-decran-2025-04-21-a-11.13.30.png","datePublished":"2025-04-20T15:09:04+00:00","dateModified":"2026-02-02T17:07:14+00:00","breadcrumb":{"@id":"https:\/\/wordpress-j0w0sk8wgcc4kck40s0c00o4.cloud.bebity.io\/product\/kart-boat-kt-0602\/#breadcrumb"},"inLanguage":"fr-FR","potentialAction":[{"@type":"ReadAction","target":["https:\/\/wordpress-j0w0sk8wgcc4kck40s0c00o4.cloud.bebity.io\/product\/kart-boat-kt-0602\/"]}]},{"@type":"ImageObject","inLanguage":"fr-FR","@id":"https:\/\/wordpress-j0w0sk8wgcc4kck40s0c00o4.cloud.bebity.io\/product\/kart-boat-kt-0602\/#primaryimage","url":"https:\/\/wordpress-j0w0sk8wgcc4kck40s0c00o4.cloud.bebity.io\/wp-content\/uploads\/2025\/04\/Capture-decran-2025-04-21-a-11.13.30.png","contentUrl":"https:\/\/wordpress-j0w0sk8wgcc4kck40s0c00o4.cloud.bebity.io\/wp-content\/uploads\/2025\/04\/Capture-decran-2025-04-21-a-11.13.30.png","width":776,"height":504},{"@type":"BreadcrumbList","@id":"https:\/\/wordpress-j0w0sk8wgcc4kck40s0c00o4.cloud.bebity.io\/product\/kart-boat-kt-0602\/#breadcrumb","itemListElement":[{"@type":"ListItem","position":1,"name":"Home","item":"https:\/\/wordpress-j0w0sk8wgcc4kck40s0c00o4.cloud.bebity.io\/"},{"@type":"ListItem","position":2,"name":"Shop","item":"https:\/\/wordpress-j0w0sk8wgcc4kck40s0c00o4.cloud.bebity.io\/shop\/"},{"@type":"ListItem","position":3,"name":"Kart Boat KT-0602"}]},{"@type":"WebSite","@id":"https:\/\/wordpress-j0w0sk8wgcc4kck40s0c00o4.cloud.bebity.io\/#website","url":"https:\/\/wordpress-j0w0sk8wgcc4kck40s0c00o4.cloud.bebity.io\/","name":"Boats &amp; Yatchs","description":"Directory &amp; Listings WP Theme","potentialAction":[{"@type":"SearchAction","target":{"@type":"EntryPoint","urlTemplate":"https:\/\/wordpress-j0w0sk8wgcc4kck40s0c00o4.cloud.bebity.io\/?s={search_term_string}"},"query-input":{"@type":"PropertyValueSpecification","valueRequired":true,"valueName":"search_term_string"}}],"inLanguage":"fr-FR"}]}},"_links":{"self":[{"href":"https:\/\/wordpress-j0w0sk8wgcc4kck40s0c00o4.cloud.bebity.io\/fr_fr\/wp-json\/wp\/v2\/product\/2881","targetHints":{"allow":["GET"]}}],"collection":[{"href":"https:\/\/wordpress-j0w0sk8wgcc4kck40s0c00o4.cloud.bebity.io\/fr_fr\/wp-json\/wp\/v2\/product"}],"about":[{"href":"https:\/\/wordpress-j0w0sk8wgcc4kck40s0c00o4.cloud.bebity.io\/fr_fr\/wp-json\/wp\/v2\/types\/product"}],"replies":[{"embeddable":true,"href":"https:\/\/wordpress-j0w0sk8wgcc4kck40s0c00o4.cloud.bebity.io\/fr_fr\/wp-json\/wp\/v2\/comments?post=2881"}],"version-history":[{"count":1,"href":"https:\/\/wordpress-j0w0sk8wgcc4kck40s0c00o4.cloud.bebity.io\/fr_fr\/wp-json\/wp\/v2\/product\/2881\/revisions"}],"predecessor-version":[{"id":2887,"href":"https:\/\/wordpress-j0w0sk8wgcc4kck40s0c00o4.cloud.bebity.io\/fr_fr\/wp-json\/wp\/v2\/product\/2881\/revisions\/2887"}],"wp:featuredmedia":[{"embeddable":true,"href":"https:\/\/wordpress-j0w0sk8wgcc4kck40s0c00o4.cloud.bebity.io\/fr_fr\/wp-json\/wp\/v2\/media\/2889"}],"wp:attachment":[{"href":"https:\/\/wordpress-j0w0sk8wgcc4kck40s0c00o4.cloud.bebity.io\/fr_fr\/wp-json\/wp\/v2\/media?parent=2881"}],"wp:term":[{"taxonomy":"product_brand","embeddable":true,"href":"https:\/\/wordpress-j0w0sk8wgcc4kck40s0c00o4.cloud.bebity.io\/fr_fr\/wp-json\/wp\/v2\/product_brand?post=2881"},{"taxonomy":"product_cat","embeddable":true,"href":"https:\/\/wordpress-j0w0sk8wgcc4kck40s0c00o4.cloud.bebity.io\/fr_fr\/wp-json\/wp\/v2\/product_cat?post=2881"},{"taxonomy":"product_tag","embeddable":true,"href":"https:\/\/wordpress-j0w0sk8wgcc4kck40s0c00o4.cloud.bebity.io\/fr_fr\/wp-json\/wp\/v2\/product_tag?post=2881"}],"curies":[{"name":"wp","href":"https:\/\/api.w.org\/{rel}","templated":true}]}}