{"id":2896,"date":"2025-04-21T11:35:11","date_gmt":"2025-04-21T09:35:11","guid":{"rendered":"https:\/\/wordpress-j0w0sk8wgcc4kck40s0c00o4.cloud.bebity.io\/?post_type=product&#038;p=2896"},"modified":"2025-04-21T12:04:16","modified_gmt":"2025-04-21T10:04:16","slug":"2896","status":"publish","type":"product","link":"https:\/\/wordpress-j0w0sk8wgcc4kck40s0c00o4.cloud.bebity.io\/fr_fr\/product\/2896\/","title":{"rendered":"AN\u00c9MOM\u00c8TRE Mi9000P"},"content":{"rendered":"<p>Les an\u00e9mom\u00e8tres de la s\u00e9rie Mi9000 sont sp\u00e9cialement con\u00e7us pour les navires.<br \/>\n&#8211; Ils appartiennent au type d&rsquo;arbre rotatif entra\u00een\u00e9 par le vent et r\u00e9pondent aux exigences de performance et de fonctionnement des normes internationales ISO<br \/>\net r\u00e9pond aux exigences de performance et de fonctionnement des normes internationales ISO.<br \/>\n&#8211; La coque du capteur est en plastique, r\u00e9sistant \u00e0 la corrosion, avec une longue dur\u00e9e de vie, et convient \u00e0 tous les types de navires,<br \/>\nsp\u00e9cialement pour l&rsquo;environnement de travail des navires c\u00f4tiers et des navires de haute mer.<br \/>\n&#8211; L&rsquo;utilisation d&rsquo;un capteur \u00e0 encodeur absolu permet une acquisition plus pr\u00e9cise.<br \/>\n&#8211; L&rsquo;\u00e9cran adopte un \u00e9cran LCD haute d\u00e9finition tactile de 7 pouces, au design \u00e9l\u00e9gant et facile \u00e0 utiliser.<br \/>\n&#8211; La conception de l&rsquo;interface adopte le style de conception des navires professionnels internationaux, avec trois modes d&rsquo;affichage de la vitesse et de la direction du vent r\u00e9el, de la vitesse et de la direction du vent relatif, et de la vitesse et de la direction du vent au sol, qui peuvent \u00eatre s\u00e9lectionn\u00e9s de mani\u00e8re flexible.<br \/>\n&#8211; Les 4 modes de correspondance des couleurs (ensoleill\u00e9, nuageux, cr\u00e9puscule et nuit) permettent d&rsquo;obtenir des effets visuels confortables dans diff\u00e9rents environnements lumineux. Le mode de commutation automatique peut basculer automatiquement en fonction de l&rsquo;heure de lever et de coucher du soleil.<br \/>\nLe mode de commutation automatique peut commuter automatiquement le mode en fonction de l&rsquo;heure de lever et de coucher du soleil, et peut \u00e9galement r\u00e9gler l&rsquo;heure de commutation en fonction des besoins.<br \/>\n&#8211; L&rsquo;entr\u00e9e et la sortie NMEA0183 multicanaux peuvent \u00eatre connect\u00e9es au loch, au compas satellite, \u00e0 l&rsquo;antenne GNSS, etc. et fournissent des donn\u00e9es standard sur la direction et la vitesse du vent pour d&rsquo;autres \u00e9quipements de navigation.<\/p>\n","protected":false},"excerpt":{"rendered":"<p>Les an\u00e9mom\u00e8tres de la s\u00e9rie Mi9000 sont sp\u00e9cialement con\u00e7us pour les navires. &#8211; Ils appartiennent au type d&rsquo;arbre rotatif entra\u00een\u00e9 par le vent et r\u00e9pondent aux exigences de performance et de fonctionnement des normes internationales ISO et r\u00e9pond aux exigences de performance et de fonctionnement des normes internationales ISO. &#8211; La coque du capteur est [&hellip;]<\/p>\n","protected":false},"featured_media":2904,"comment_status":"open","ping_status":"closed","template":"","meta":{"_acf_changed":false},"product_brand":[],"product_cat":[65,80],"product_tag":[],"class_list":{"0":"post-2896","1":"product","2":"type-product","3":"status-publish","4":"has-post-thumbnail","6":"product_cat-accessories","7":"product_cat-nautical-instruments","9":"first","10":"instock","11":"taxable","12":"shipping-taxable","13":"purchasable","14":"product-type-simple"},"acf":[],"yoast_head":"<!-- This site is optimized with the Yoast SEO plugin v24.2 - https:\/\/yoast.com\/wordpress\/plugins\/seo\/ -->\n<title>AN\u00c9MOM\u00c8TRE Mi9000P - Boats &amp; Yatchs<\/title>\n<meta name=\"robots\" content=\"index, follow, max-snippet:-1, max-image-preview:large, max-video-preview:-1\" \/>\n<link rel=\"canonical\" href=\"https:\/\/wordpress-j0w0sk8wgcc4kck40s0c00o4.cloud.bebity.io\/fr_fr\/product\/2896\/\" \/>\n<meta property=\"og:locale\" content=\"fr_FR\" \/>\n<meta property=\"og:type\" content=\"article\" \/>\n<meta property=\"og:title\" content=\"AN\u00c9MOM\u00c8TRE Mi9000P - Boats &amp; Yatchs\" \/>\n<meta property=\"og:description\" content=\"Les an\u00e9mom\u00e8tres de la s\u00e9rie Mi9000 sont sp\u00e9cialement con\u00e7us pour les navires. &#8211; Ils appartiennent au type d&rsquo;arbre rotatif entra\u00een\u00e9 par le vent et r\u00e9pondent aux exigences de performance et de fonctionnement des normes internationales ISO et r\u00e9pond aux exigences de performance et de fonctionnement des normes internationales ISO. &#8211; La coque du capteur est [&hellip;]\" \/>\n<meta property=\"og:url\" content=\"https:\/\/wordpress-j0w0sk8wgcc4kck40s0c00o4.cloud.bebity.io\/fr_fr\/product\/2896\/\" \/>\n<meta property=\"og:site_name\" content=\"Boats &amp; Yatchs\" \/>\n<meta property=\"article:modified_time\" content=\"2025-04-21T10:04:16+00:00\" \/>\n<meta property=\"og:image\" content=\"https:\/\/wordpress-j0w0sk8wgcc4kck40s0c00o4.cloud.bebity.io\/wp-content\/uploads\/2025\/04\/Capture-decran-2025-04-21-a-11.51.20.png\" \/>\n\t<meta property=\"og:image:width\" content=\"824\" \/>\n\t<meta property=\"og:image:height\" content=\"868\" \/>\n\t<meta property=\"og:image:type\" content=\"image\/png\" \/>\n<meta name=\"twitter:card\" content=\"summary_large_image\" \/>\n<meta name=\"twitter:label1\" content=\"Dur\u00e9e de lecture estim\u00e9e\" \/>\n\t<meta name=\"twitter:data1\" content=\"2 minutes\" \/>\n<script type=\"application\/ld+json\" class=\"yoast-schema-graph\">{\"@context\":\"https:\/\/schema.org\",\"@graph\":[{\"@type\":\"WebPage\",\"@id\":\"https:\/\/wordpress-j0w0sk8wgcc4kck40s0c00o4.cloud.bebity.io\/product\/2896\/\",\"url\":\"https:\/\/wordpress-j0w0sk8wgcc4kck40s0c00o4.cloud.bebity.io\/product\/2896\/\",\"name\":\"AN\u00c9MOM\u00c8TRE Mi9000P - Boats &amp; Yatchs\",\"isPartOf\":{\"@id\":\"https:\/\/wordpress-j0w0sk8wgcc4kck40s0c00o4.cloud.bebity.io\/#website\"},\"primaryImageOfPage\":{\"@id\":\"https:\/\/wordpress-j0w0sk8wgcc4kck40s0c00o4.cloud.bebity.io\/product\/2896\/#primaryimage\"},\"image\":{\"@id\":\"https:\/\/wordpress-j0w0sk8wgcc4kck40s0c00o4.cloud.bebity.io\/product\/2896\/#primaryimage\"},\"thumbnailUrl\":\"https:\/\/wordpress-j0w0sk8wgcc4kck40s0c00o4.cloud.bebity.io\/wp-content\/uploads\/2025\/04\/Capture-decran-2025-04-21-a-11.51.20.png\",\"datePublished\":\"2025-04-21T09:35:11+00:00\",\"dateModified\":\"2025-04-21T10:04:16+00:00\",\"breadcrumb\":{\"@id\":\"https:\/\/wordpress-j0w0sk8wgcc4kck40s0c00o4.cloud.bebity.io\/product\/2896\/#breadcrumb\"},\"inLanguage\":\"fr-FR\",\"potentialAction\":[{\"@type\":\"ReadAction\",\"target\":[\"https:\/\/wordpress-j0w0sk8wgcc4kck40s0c00o4.cloud.bebity.io\/product\/2896\/\"]}]},{\"@type\":\"ImageObject\",\"inLanguage\":\"fr-FR\",\"@id\":\"https:\/\/wordpress-j0w0sk8wgcc4kck40s0c00o4.cloud.bebity.io\/product\/2896\/#primaryimage\",\"url\":\"https:\/\/wordpress-j0w0sk8wgcc4kck40s0c00o4.cloud.bebity.io\/wp-content\/uploads\/2025\/04\/Capture-decran-2025-04-21-a-11.51.20.png\",\"contentUrl\":\"https:\/\/wordpress-j0w0sk8wgcc4kck40s0c00o4.cloud.bebity.io\/wp-content\/uploads\/2025\/04\/Capture-decran-2025-04-21-a-11.51.20.png\",\"width\":824,\"height\":868},{\"@type\":\"BreadcrumbList\",\"@id\":\"https:\/\/wordpress-j0w0sk8wgcc4kck40s0c00o4.cloud.bebity.io\/product\/2896\/#breadcrumb\",\"itemListElement\":[{\"@type\":\"ListItem\",\"position\":1,\"name\":\"Home\",\"item\":\"https:\/\/wordpress-j0w0sk8wgcc4kck40s0c00o4.cloud.bebity.io\/\"},{\"@type\":\"ListItem\",\"position\":2,\"name\":\"Shop\",\"item\":\"https:\/\/wordpress-j0w0sk8wgcc4kck40s0c00o4.cloud.bebity.io\/shop\/\"},{\"@type\":\"ListItem\",\"position\":3,\"name\":\"AN\u00c9MOM\u00c8TRE Mi9000P\"}]},{\"@type\":\"WebSite\",\"@id\":\"https:\/\/wordpress-j0w0sk8wgcc4kck40s0c00o4.cloud.bebity.io\/#website\",\"url\":\"https:\/\/wordpress-j0w0sk8wgcc4kck40s0c00o4.cloud.bebity.io\/\",\"name\":\"Boats &amp; Yatchs\",\"description\":\"Directory &amp; Listings WP Theme\",\"potentialAction\":[{\"@type\":\"SearchAction\",\"target\":{\"@type\":\"EntryPoint\",\"urlTemplate\":\"https:\/\/wordpress-j0w0sk8wgcc4kck40s0c00o4.cloud.bebity.io\/?s={search_term_string}\"},\"query-input\":{\"@type\":\"PropertyValueSpecification\",\"valueRequired\":true,\"valueName\":\"search_term_string\"}}],\"inLanguage\":\"fr-FR\"}]}<\/script>\n<!-- \/ Yoast SEO plugin. -->","yoast_head_json":{"title":"AN\u00c9MOM\u00c8TRE Mi9000P - Boats &amp; Yatchs","robots":{"index":"index","follow":"follow","max-snippet":"max-snippet:-1","max-image-preview":"max-image-preview:large","max-video-preview":"max-video-preview:-1"},"canonical":"https:\/\/wordpress-j0w0sk8wgcc4kck40s0c00o4.cloud.bebity.io\/fr_fr\/product\/2896\/","og_locale":"fr_FR","og_type":"article","og_title":"AN\u00c9MOM\u00c8TRE Mi9000P - Boats &amp; Yatchs","og_description":"Les an\u00e9mom\u00e8tres de la s\u00e9rie Mi9000 sont sp\u00e9cialement con\u00e7us pour les navires. &#8211; Ils appartiennent au type d&rsquo;arbre rotatif entra\u00een\u00e9 par le vent et r\u00e9pondent aux exigences de performance et de fonctionnement des normes internationales ISO et r\u00e9pond aux exigences de performance et de fonctionnement des normes internationales ISO. &#8211; La coque du capteur est [&hellip;]","og_url":"https:\/\/wordpress-j0w0sk8wgcc4kck40s0c00o4.cloud.bebity.io\/fr_fr\/product\/2896\/","og_site_name":"Boats &amp; Yatchs","article_modified_time":"2025-04-21T10:04:16+00:00","og_image":[{"width":824,"height":868,"url":"https:\/\/wordpress-j0w0sk8wgcc4kck40s0c00o4.cloud.bebity.io\/wp-content\/uploads\/2025\/04\/Capture-decran-2025-04-21-a-11.51.20.png","type":"image\/png"}],"twitter_card":"summary_large_image","twitter_misc":{"Dur\u00e9e de lecture estim\u00e9e":"2 minutes"},"schema":{"@context":"https:\/\/schema.org","@graph":[{"@type":"WebPage","@id":"https:\/\/wordpress-j0w0sk8wgcc4kck40s0c00o4.cloud.bebity.io\/product\/2896\/","url":"https:\/\/wordpress-j0w0sk8wgcc4kck40s0c00o4.cloud.bebity.io\/product\/2896\/","name":"AN\u00c9MOM\u00c8TRE Mi9000P - Boats &amp; Yatchs","isPartOf":{"@id":"https:\/\/wordpress-j0w0sk8wgcc4kck40s0c00o4.cloud.bebity.io\/#website"},"primaryImageOfPage":{"@id":"https:\/\/wordpress-j0w0sk8wgcc4kck40s0c00o4.cloud.bebity.io\/product\/2896\/#primaryimage"},"image":{"@id":"https:\/\/wordpress-j0w0sk8wgcc4kck40s0c00o4.cloud.bebity.io\/product\/2896\/#primaryimage"},"thumbnailUrl":"https:\/\/wordpress-j0w0sk8wgcc4kck40s0c00o4.cloud.bebity.io\/wp-content\/uploads\/2025\/04\/Capture-decran-2025-04-21-a-11.51.20.png","datePublished":"2025-04-21T09:35:11+00:00","dateModified":"2025-04-21T10:04:16+00:00","breadcrumb":{"@id":"https:\/\/wordpress-j0w0sk8wgcc4kck40s0c00o4.cloud.bebity.io\/product\/2896\/#breadcrumb"},"inLanguage":"fr-FR","potentialAction":[{"@type":"ReadAction","target":["https:\/\/wordpress-j0w0sk8wgcc4kck40s0c00o4.cloud.bebity.io\/product\/2896\/"]}]},{"@type":"ImageObject","inLanguage":"fr-FR","@id":"https:\/\/wordpress-j0w0sk8wgcc4kck40s0c00o4.cloud.bebity.io\/product\/2896\/#primaryimage","url":"https:\/\/wordpress-j0w0sk8wgcc4kck40s0c00o4.cloud.bebity.io\/wp-content\/uploads\/2025\/04\/Capture-decran-2025-04-21-a-11.51.20.png","contentUrl":"https:\/\/wordpress-j0w0sk8wgcc4kck40s0c00o4.cloud.bebity.io\/wp-content\/uploads\/2025\/04\/Capture-decran-2025-04-21-a-11.51.20.png","width":824,"height":868},{"@type":"BreadcrumbList","@id":"https:\/\/wordpress-j0w0sk8wgcc4kck40s0c00o4.cloud.bebity.io\/product\/2896\/#breadcrumb","itemListElement":[{"@type":"ListItem","position":1,"name":"Home","item":"https:\/\/wordpress-j0w0sk8wgcc4kck40s0c00o4.cloud.bebity.io\/"},{"@type":"ListItem","position":2,"name":"Shop","item":"https:\/\/wordpress-j0w0sk8wgcc4kck40s0c00o4.cloud.bebity.io\/shop\/"},{"@type":"ListItem","position":3,"name":"AN\u00c9MOM\u00c8TRE Mi9000P"}]},{"@type":"WebSite","@id":"https:\/\/wordpress-j0w0sk8wgcc4kck40s0c00o4.cloud.bebity.io\/#website","url":"https:\/\/wordpress-j0w0sk8wgcc4kck40s0c00o4.cloud.bebity.io\/","name":"Boats &amp; Yatchs","description":"Directory &amp; Listings WP Theme","potentialAction":[{"@type":"SearchAction","target":{"@type":"EntryPoint","urlTemplate":"https:\/\/wordpress-j0w0sk8wgcc4kck40s0c00o4.cloud.bebity.io\/?s={search_term_string}"},"query-input":{"@type":"PropertyValueSpecification","valueRequired":true,"valueName":"search_term_string"}}],"inLanguage":"fr-FR"}]}},"_links":{"self":[{"href":"https:\/\/wordpress-j0w0sk8wgcc4kck40s0c00o4.cloud.bebity.io\/fr_fr\/wp-json\/wp\/v2\/product\/2896","targetHints":{"allow":["GET"]}}],"collection":[{"href":"https:\/\/wordpress-j0w0sk8wgcc4kck40s0c00o4.cloud.bebity.io\/fr_fr\/wp-json\/wp\/v2\/product"}],"about":[{"href":"https:\/\/wordpress-j0w0sk8wgcc4kck40s0c00o4.cloud.bebity.io\/fr_fr\/wp-json\/wp\/v2\/types\/product"}],"replies":[{"embeddable":true,"href":"https:\/\/wordpress-j0w0sk8wgcc4kck40s0c00o4.cloud.bebity.io\/fr_fr\/wp-json\/wp\/v2\/comments?post=2896"}],"version-history":[{"count":3,"href":"https:\/\/wordpress-j0w0sk8wgcc4kck40s0c00o4.cloud.bebity.io\/fr_fr\/wp-json\/wp\/v2\/product\/2896\/revisions"}],"predecessor-version":[{"id":2903,"href":"https:\/\/wordpress-j0w0sk8wgcc4kck40s0c00o4.cloud.bebity.io\/fr_fr\/wp-json\/wp\/v2\/product\/2896\/revisions\/2903"}],"wp:featuredmedia":[{"embeddable":true,"href":"https:\/\/wordpress-j0w0sk8wgcc4kck40s0c00o4.cloud.bebity.io\/fr_fr\/wp-json\/wp\/v2\/media\/2904"}],"wp:attachment":[{"href":"https:\/\/wordpress-j0w0sk8wgcc4kck40s0c00o4.cloud.bebity.io\/fr_fr\/wp-json\/wp\/v2\/media?parent=2896"}],"wp:term":[{"taxonomy":"product_brand","embeddable":true,"href":"https:\/\/wordpress-j0w0sk8wgcc4kck40s0c00o4.cloud.bebity.io\/fr_fr\/wp-json\/wp\/v2\/product_brand?post=2896"},{"taxonomy":"product_cat","embeddable":true,"href":"https:\/\/wordpress-j0w0sk8wgcc4kck40s0c00o4.cloud.bebity.io\/fr_fr\/wp-json\/wp\/v2\/product_cat?post=2896"},{"taxonomy":"product_tag","embeddable":true,"href":"https:\/\/wordpress-j0w0sk8wgcc4kck40s0c00o4.cloud.bebity.io\/fr_fr\/wp-json\/wp\/v2\/product_tag?post=2896"}],"curies":[{"name":"wp","href":"https:\/\/api.w.org\/{rel}","templated":true}]}}