{"id":3063,"date":"2025-05-05T17:41:58","date_gmt":"2025-05-05T15:41:58","guid":{"rendered":"https:\/\/wordpress-j0w0sk8wgcc4kck40s0c00o4.cloud.bebity.io\/?post_type=product&#038;p=3063"},"modified":"2025-05-08T20:02:08","modified_gmt":"2025-05-08T18:02:08","slug":"edership-60","status":"publish","type":"product","link":"https:\/\/wordpress-j0w0sk8wgcc4kck40s0c00o4.cloud.bebity.io\/fr_fr\/product\/edership-60\/","title":{"rendered":"Edership 60"},"content":{"rendered":"<p>L&rsquo;<strong>EDERSHIP 60<\/strong>, 19,90 M x 5,20 M, EST EN VERSION 4 CABINES, 3 SALLES DE BAIN, WC ELECTRIQUES, PLACE DE PORT, RADAR, SONDEUR, GPS TRACEUR, PILOTE AUTOMATIQUE, VHF, GUINDEAU ELECTRIQUE, STABILISATEURS AUTOMATIQUES, TAUDS COMPLETS, MOTORISATION IVECO 2 X 750 CV, 800 HEURES. C&rsquo;EST UN TRAWLER \u00c0 CARENE SEMI PLANANTE, SA VITESSE DE CROISI\u00c8RE DE 15 NOEUDS LUI PERMET DE BONNES PERFORMANCES AVEC UNE CONSOMMATION RAISONNABLE. IL POSS\u00c8DE UN GRAND ET CONFORTABLE SALON INT\u00c9RIEUR. VISITE POSSIBLE TOUS LES JOURS SUR RENDEZ &#8211; VOUS. N&rsquo;H\u00c9SITEZ PAS \u00c0 NOUS CONTACTER SI VOUS SOUHAITEZ PLUS D&rsquo;INFORMATIONS.<\/p>\n","protected":false},"excerpt":{"rendered":"<p>L&rsquo;EDERSHIP 60, 19,90 M x 5,20 M, EST EN VERSION 4 CABINES, 3 SALLES DE BAIN, WC ELECTRIQUES, PLACE DE PORT, RADAR, SONDEUR, GPS TRACEUR, PILOTE AUTOMATIQUE, VHF, GUINDEAU ELECTRIQUE, STABILISATEURS AUTOMATIQUES, TAUDS COMPLETS, MOTORISATION IVECO 2 X 750 CV, 800 HEURES. C&rsquo;EST UN TRAWLER \u00c0 CARENE SEMI PLANANTE, SA VITESSE DE CROISI\u00c8RE DE 15 [&hellip;]<\/p>\n","protected":false},"featured_media":3064,"comment_status":"open","ping_status":"closed","template":"","meta":{"_acf_changed":false},"product_brand":[],"product_cat":[64],"product_tag":[],"class_list":{"0":"post-3063","1":"product","2":"type-product","3":"status-publish","4":"has-post-thumbnail","6":"product_cat-boats","8":"first","9":"instock","10":"taxable","11":"shipping-taxable","12":"purchasable","13":"product-type-simple"},"acf":[],"yoast_head":"<!-- This site is optimized with the Yoast SEO plugin v24.2 - https:\/\/yoast.com\/wordpress\/plugins\/seo\/ -->\n<title>Edership 60 - Boats &amp; Yatchs<\/title>\n<meta name=\"robots\" content=\"index, follow, max-snippet:-1, max-image-preview:large, max-video-preview:-1\" \/>\n<link rel=\"canonical\" href=\"https:\/\/wordpress-j0w0sk8wgcc4kck40s0c00o4.cloud.bebity.io\/fr_fr\/product\/edership-60\/\" \/>\n<meta property=\"og:locale\" content=\"fr_FR\" \/>\n<meta property=\"og:type\" content=\"article\" \/>\n<meta property=\"og:title\" content=\"Edership 60 - Boats &amp; Yatchs\" \/>\n<meta property=\"og:description\" content=\"L&rsquo;EDERSHIP 60, 19,90 M x 5,20 M, EST EN VERSION 4 CABINES, 3 SALLES DE BAIN, WC ELECTRIQUES, PLACE DE PORT, RADAR, SONDEUR, GPS TRACEUR, PILOTE AUTOMATIQUE, VHF, GUINDEAU ELECTRIQUE, STABILISATEURS AUTOMATIQUES, TAUDS COMPLETS, MOTORISATION IVECO 2 X 750 CV, 800 HEURES. C&rsquo;EST UN TRAWLER \u00c0 CARENE SEMI PLANANTE, SA VITESSE DE CROISI\u00c8RE DE 15 [&hellip;]\" \/>\n<meta property=\"og:url\" content=\"https:\/\/wordpress-j0w0sk8wgcc4kck40s0c00o4.cloud.bebity.io\/fr_fr\/product\/edership-60\/\" \/>\n<meta property=\"og:site_name\" content=\"Boats &amp; Yatchs\" \/>\n<meta property=\"article:modified_time\" content=\"2025-05-08T18:02:08+00:00\" \/>\n<meta property=\"og:image\" content=\"https:\/\/wordpress-j0w0sk8wgcc4kck40s0c00o4.cloud.bebity.io\/wp-content\/uploads\/2025\/05\/1-Edership-60-vue-tribord.jpg\" \/>\n\t<meta property=\"og:image:width\" content=\"960\" \/>\n\t<meta property=\"og:image:height\" content=\"640\" \/>\n\t<meta property=\"og:image:type\" content=\"image\/jpeg\" \/>\n<meta name=\"twitter:card\" content=\"summary_large_image\" \/>\n<meta name=\"twitter:label1\" content=\"Dur\u00e9e de lecture estim\u00e9e\" \/>\n\t<meta name=\"twitter:data1\" content=\"1 minute\" \/>\n<script type=\"application\/ld+json\" class=\"yoast-schema-graph\">{\"@context\":\"https:\/\/schema.org\",\"@graph\":[{\"@type\":\"WebPage\",\"@id\":\"https:\/\/wordpress-j0w0sk8wgcc4kck40s0c00o4.cloud.bebity.io\/product\/edership-60\/\",\"url\":\"https:\/\/wordpress-j0w0sk8wgcc4kck40s0c00o4.cloud.bebity.io\/product\/edership-60\/\",\"name\":\"Edership 60 - Boats &amp; Yatchs\",\"isPartOf\":{\"@id\":\"https:\/\/wordpress-j0w0sk8wgcc4kck40s0c00o4.cloud.bebity.io\/#website\"},\"primaryImageOfPage\":{\"@id\":\"https:\/\/wordpress-j0w0sk8wgcc4kck40s0c00o4.cloud.bebity.io\/product\/edership-60\/#primaryimage\"},\"image\":{\"@id\":\"https:\/\/wordpress-j0w0sk8wgcc4kck40s0c00o4.cloud.bebity.io\/product\/edership-60\/#primaryimage\"},\"thumbnailUrl\":\"https:\/\/wordpress-j0w0sk8wgcc4kck40s0c00o4.cloud.bebity.io\/wp-content\/uploads\/2025\/05\/1-Edership-60-vue-tribord.jpg\",\"datePublished\":\"2025-05-05T15:41:58+00:00\",\"dateModified\":\"2025-05-08T18:02:08+00:00\",\"breadcrumb\":{\"@id\":\"https:\/\/wordpress-j0w0sk8wgcc4kck40s0c00o4.cloud.bebity.io\/product\/edership-60\/#breadcrumb\"},\"inLanguage\":\"fr-FR\",\"potentialAction\":[{\"@type\":\"ReadAction\",\"target\":[\"https:\/\/wordpress-j0w0sk8wgcc4kck40s0c00o4.cloud.bebity.io\/product\/edership-60\/\"]}]},{\"@type\":\"ImageObject\",\"inLanguage\":\"fr-FR\",\"@id\":\"https:\/\/wordpress-j0w0sk8wgcc4kck40s0c00o4.cloud.bebity.io\/product\/edership-60\/#primaryimage\",\"url\":\"https:\/\/wordpress-j0w0sk8wgcc4kck40s0c00o4.cloud.bebity.io\/wp-content\/uploads\/2025\/05\/1-Edership-60-vue-tribord.jpg\",\"contentUrl\":\"https:\/\/wordpress-j0w0sk8wgcc4kck40s0c00o4.cloud.bebity.io\/wp-content\/uploads\/2025\/05\/1-Edership-60-vue-tribord.jpg\",\"width\":960,\"height\":640},{\"@type\":\"BreadcrumbList\",\"@id\":\"https:\/\/wordpress-j0w0sk8wgcc4kck40s0c00o4.cloud.bebity.io\/product\/edership-60\/#breadcrumb\",\"itemListElement\":[{\"@type\":\"ListItem\",\"position\":1,\"name\":\"Home\",\"item\":\"https:\/\/wordpress-j0w0sk8wgcc4kck40s0c00o4.cloud.bebity.io\/\"},{\"@type\":\"ListItem\",\"position\":2,\"name\":\"Shop\",\"item\":\"https:\/\/wordpress-j0w0sk8wgcc4kck40s0c00o4.cloud.bebity.io\/shop\/\"},{\"@type\":\"ListItem\",\"position\":3,\"name\":\"Edership 60\"}]},{\"@type\":\"WebSite\",\"@id\":\"https:\/\/wordpress-j0w0sk8wgcc4kck40s0c00o4.cloud.bebity.io\/#website\",\"url\":\"https:\/\/wordpress-j0w0sk8wgcc4kck40s0c00o4.cloud.bebity.io\/\",\"name\":\"Boats &amp; Yatchs\",\"description\":\"Directory &amp; Listings WP Theme\",\"potentialAction\":[{\"@type\":\"SearchAction\",\"target\":{\"@type\":\"EntryPoint\",\"urlTemplate\":\"https:\/\/wordpress-j0w0sk8wgcc4kck40s0c00o4.cloud.bebity.io\/?s={search_term_string}\"},\"query-input\":{\"@type\":\"PropertyValueSpecification\",\"valueRequired\":true,\"valueName\":\"search_term_string\"}}],\"inLanguage\":\"fr-FR\"}]}<\/script>\n<!-- \/ Yoast SEO plugin. -->","yoast_head_json":{"title":"Edership 60 - Boats &amp; Yatchs","robots":{"index":"index","follow":"follow","max-snippet":"max-snippet:-1","max-image-preview":"max-image-preview:large","max-video-preview":"max-video-preview:-1"},"canonical":"https:\/\/wordpress-j0w0sk8wgcc4kck40s0c00o4.cloud.bebity.io\/fr_fr\/product\/edership-60\/","og_locale":"fr_FR","og_type":"article","og_title":"Edership 60 - Boats &amp; Yatchs","og_description":"L&rsquo;EDERSHIP 60, 19,90 M x 5,20 M, EST EN VERSION 4 CABINES, 3 SALLES DE BAIN, WC ELECTRIQUES, PLACE DE PORT, RADAR, SONDEUR, GPS TRACEUR, PILOTE AUTOMATIQUE, VHF, GUINDEAU ELECTRIQUE, STABILISATEURS AUTOMATIQUES, TAUDS COMPLETS, MOTORISATION IVECO 2 X 750 CV, 800 HEURES. C&rsquo;EST UN TRAWLER \u00c0 CARENE SEMI PLANANTE, SA VITESSE DE CROISI\u00c8RE DE 15 [&hellip;]","og_url":"https:\/\/wordpress-j0w0sk8wgcc4kck40s0c00o4.cloud.bebity.io\/fr_fr\/product\/edership-60\/","og_site_name":"Boats &amp; Yatchs","article_modified_time":"2025-05-08T18:02:08+00:00","og_image":[{"width":960,"height":640,"url":"https:\/\/wordpress-j0w0sk8wgcc4kck40s0c00o4.cloud.bebity.io\/wp-content\/uploads\/2025\/05\/1-Edership-60-vue-tribord.jpg","type":"image\/jpeg"}],"twitter_card":"summary_large_image","twitter_misc":{"Dur\u00e9e de lecture estim\u00e9e":"1 minute"},"schema":{"@context":"https:\/\/schema.org","@graph":[{"@type":"WebPage","@id":"https:\/\/wordpress-j0w0sk8wgcc4kck40s0c00o4.cloud.bebity.io\/product\/edership-60\/","url":"https:\/\/wordpress-j0w0sk8wgcc4kck40s0c00o4.cloud.bebity.io\/product\/edership-60\/","name":"Edership 60 - Boats &amp; Yatchs","isPartOf":{"@id":"https:\/\/wordpress-j0w0sk8wgcc4kck40s0c00o4.cloud.bebity.io\/#website"},"primaryImageOfPage":{"@id":"https:\/\/wordpress-j0w0sk8wgcc4kck40s0c00o4.cloud.bebity.io\/product\/edership-60\/#primaryimage"},"image":{"@id":"https:\/\/wordpress-j0w0sk8wgcc4kck40s0c00o4.cloud.bebity.io\/product\/edership-60\/#primaryimage"},"thumbnailUrl":"https:\/\/wordpress-j0w0sk8wgcc4kck40s0c00o4.cloud.bebity.io\/wp-content\/uploads\/2025\/05\/1-Edership-60-vue-tribord.jpg","datePublished":"2025-05-05T15:41:58+00:00","dateModified":"2025-05-08T18:02:08+00:00","breadcrumb":{"@id":"https:\/\/wordpress-j0w0sk8wgcc4kck40s0c00o4.cloud.bebity.io\/product\/edership-60\/#breadcrumb"},"inLanguage":"fr-FR","potentialAction":[{"@type":"ReadAction","target":["https:\/\/wordpress-j0w0sk8wgcc4kck40s0c00o4.cloud.bebity.io\/product\/edership-60\/"]}]},{"@type":"ImageObject","inLanguage":"fr-FR","@id":"https:\/\/wordpress-j0w0sk8wgcc4kck40s0c00o4.cloud.bebity.io\/product\/edership-60\/#primaryimage","url":"https:\/\/wordpress-j0w0sk8wgcc4kck40s0c00o4.cloud.bebity.io\/wp-content\/uploads\/2025\/05\/1-Edership-60-vue-tribord.jpg","contentUrl":"https:\/\/wordpress-j0w0sk8wgcc4kck40s0c00o4.cloud.bebity.io\/wp-content\/uploads\/2025\/05\/1-Edership-60-vue-tribord.jpg","width":960,"height":640},{"@type":"BreadcrumbList","@id":"https:\/\/wordpress-j0w0sk8wgcc4kck40s0c00o4.cloud.bebity.io\/product\/edership-60\/#breadcrumb","itemListElement":[{"@type":"ListItem","position":1,"name":"Home","item":"https:\/\/wordpress-j0w0sk8wgcc4kck40s0c00o4.cloud.bebity.io\/"},{"@type":"ListItem","position":2,"name":"Shop","item":"https:\/\/wordpress-j0w0sk8wgcc4kck40s0c00o4.cloud.bebity.io\/shop\/"},{"@type":"ListItem","position":3,"name":"Edership 60"}]},{"@type":"WebSite","@id":"https:\/\/wordpress-j0w0sk8wgcc4kck40s0c00o4.cloud.bebity.io\/#website","url":"https:\/\/wordpress-j0w0sk8wgcc4kck40s0c00o4.cloud.bebity.io\/","name":"Boats &amp; Yatchs","description":"Directory &amp; Listings WP Theme","potentialAction":[{"@type":"SearchAction","target":{"@type":"EntryPoint","urlTemplate":"https:\/\/wordpress-j0w0sk8wgcc4kck40s0c00o4.cloud.bebity.io\/?s={search_term_string}"},"query-input":{"@type":"PropertyValueSpecification","valueRequired":true,"valueName":"search_term_string"}}],"inLanguage":"fr-FR"}]}},"_links":{"self":[{"href":"https:\/\/wordpress-j0w0sk8wgcc4kck40s0c00o4.cloud.bebity.io\/fr_fr\/wp-json\/wp\/v2\/product\/3063","targetHints":{"allow":["GET"]}}],"collection":[{"href":"https:\/\/wordpress-j0w0sk8wgcc4kck40s0c00o4.cloud.bebity.io\/fr_fr\/wp-json\/wp\/v2\/product"}],"about":[{"href":"https:\/\/wordpress-j0w0sk8wgcc4kck40s0c00o4.cloud.bebity.io\/fr_fr\/wp-json\/wp\/v2\/types\/product"}],"replies":[{"embeddable":true,"href":"https:\/\/wordpress-j0w0sk8wgcc4kck40s0c00o4.cloud.bebity.io\/fr_fr\/wp-json\/wp\/v2\/comments?post=3063"}],"version-history":[{"count":5,"href":"https:\/\/wordpress-j0w0sk8wgcc4kck40s0c00o4.cloud.bebity.io\/fr_fr\/wp-json\/wp\/v2\/product\/3063\/revisions"}],"predecessor-version":[{"id":3234,"href":"https:\/\/wordpress-j0w0sk8wgcc4kck40s0c00o4.cloud.bebity.io\/fr_fr\/wp-json\/wp\/v2\/product\/3063\/revisions\/3234"}],"wp:featuredmedia":[{"embeddable":true,"href":"https:\/\/wordpress-j0w0sk8wgcc4kck40s0c00o4.cloud.bebity.io\/fr_fr\/wp-json\/wp\/v2\/media\/3064"}],"wp:attachment":[{"href":"https:\/\/wordpress-j0w0sk8wgcc4kck40s0c00o4.cloud.bebity.io\/fr_fr\/wp-json\/wp\/v2\/media?parent=3063"}],"wp:term":[{"taxonomy":"product_brand","embeddable":true,"href":"https:\/\/wordpress-j0w0sk8wgcc4kck40s0c00o4.cloud.bebity.io\/fr_fr\/wp-json\/wp\/v2\/product_brand?post=3063"},{"taxonomy":"product_cat","embeddable":true,"href":"https:\/\/wordpress-j0w0sk8wgcc4kck40s0c00o4.cloud.bebity.io\/fr_fr\/wp-json\/wp\/v2\/product_cat?post=3063"},{"taxonomy":"product_tag","embeddable":true,"href":"https:\/\/wordpress-j0w0sk8wgcc4kck40s0c00o4.cloud.bebity.io\/fr_fr\/wp-json\/wp\/v2\/product_tag?post=3063"}],"curies":[{"name":"wp","href":"https:\/\/api.w.org\/{rel}","templated":true}]}}