{"id":3672,"date":"2025-07-01T17:01:59","date_gmt":"2025-07-01T15:01:59","guid":{"rendered":"https:\/\/wordpress-j0w0sk8wgcc4kck40s0c00o4.cloud.bebity.io\/?post_type=product&#038;p=3672"},"modified":"2025-07-01T17:02:11","modified_gmt":"2025-07-01T15:02:11","slug":"sun-odyssey-49-i","status":"publish","type":"product","link":"https:\/\/wordpress-j0w0sk8wgcc4kck40s0c00o4.cloud.bebity.io\/fr_fr\/product\/sun-odyssey-49-i\/","title":{"rendered":"Sun Odyssey 49.I"},"content":{"rendered":"<p>Avec ses lignes \u00e9pur\u00e9es et modernes, le <strong>Sun Odyssey 49.i<\/strong> offre un style sophistiqu\u00e9 tout en maximisant la performance en mer. Son gr\u00e9ement optimis\u00e9 et sa quille performante garantissent une navigation fluide, m\u00eame dans des conditions exigeantes. Profitez d&rsquo;un int\u00e9rieur spacieux et lumineux, am\u00e9nag\u00e9 avec soin. Les cabines g\u00e9n\u00e9reuses et modulables en 2 cabines doubles gr\u00e2ce \u00e0 une cloison coulissante, associ\u00e9es \u00e0 une cuisine enti\u00e8rement \u00e9quip\u00e9e, offrent un cadre de vie chaleureux et fonctionnel. Le cockpit ergonomique et les espaces ext\u00e9rieurs invitent \u00e0 la d\u00e9tente, tout en offrant un contr\u00f4le parfait du bateau pour le skipper. Le Sun Odyssey 49.i est \u00e9quip\u00e9 des derni\u00e8res innovations technologiques pour une navigation s\u00e9curis\u00e9e. De l&rsquo;\u00e9lectronique embarqu\u00e9e avanc\u00e9e aux finitions haut de gamme, tout a \u00e9t\u00e9 pens\u00e9 pour r\u00e9pondre aux attentes des navigateurs les plus exigeants. Ce mod\u00e8le a eu un refit (en juin 2024 gr\u00e9ment dormant complet, radar quantum, \u00e9lectronique). Il dispose d&rsquo;une place de port. Visite possible tous les jours sur rendez &#8211; vous. N&rsquo;h\u00e9sitez pas \u00e0 nous contacter si vous souhaitez plus d&rsquo;informations.<\/p>\n","protected":false},"excerpt":{"rendered":"<p>Avec ses lignes \u00e9pur\u00e9es et modernes, le Sun Odyssey 49.i offre un style sophistiqu\u00e9 tout en maximisant la performance en mer. Son gr\u00e9ement optimis\u00e9 et sa quille performante garantissent une navigation fluide, m\u00eame dans des conditions exigeantes. Profitez d&rsquo;un int\u00e9rieur spacieux et lumineux, am\u00e9nag\u00e9 avec soin. Les cabines g\u00e9n\u00e9reuses et modulables en 2 cabines doubles [&hellip;]<\/p>\n","protected":false},"featured_media":3673,"comment_status":"open","ping_status":"closed","template":"","meta":{"_acf_changed":false},"product_brand":[],"product_cat":[64],"product_tag":[],"class_list":{"0":"post-3672","1":"product","2":"type-product","3":"status-publish","4":"has-post-thumbnail","6":"product_cat-boats","8":"first","9":"instock","10":"purchasable","11":"product-type-simple"},"acf":[],"yoast_head":"<!-- This site is optimized with the Yoast SEO plugin v24.2 - https:\/\/yoast.com\/wordpress\/plugins\/seo\/ -->\n<title>Sun Odyssey 49.I - Boats &amp; Yatchs<\/title>\n<meta name=\"robots\" content=\"index, follow, max-snippet:-1, max-image-preview:large, max-video-preview:-1\" \/>\n<link rel=\"canonical\" href=\"https:\/\/wordpress-j0w0sk8wgcc4kck40s0c00o4.cloud.bebity.io\/fr_fr\/product\/sun-odyssey-49-i\/\" \/>\n<meta property=\"og:locale\" content=\"fr_FR\" \/>\n<meta property=\"og:type\" content=\"article\" \/>\n<meta property=\"og:title\" content=\"Sun Odyssey 49.I - Boats &amp; Yatchs\" \/>\n<meta property=\"og:description\" content=\"Avec ses lignes \u00e9pur\u00e9es et modernes, le Sun Odyssey 49.i offre un style sophistiqu\u00e9 tout en maximisant la performance en mer. Son gr\u00e9ement optimis\u00e9 et sa quille performante garantissent une navigation fluide, m\u00eame dans des conditions exigeantes. Profitez d&rsquo;un int\u00e9rieur spacieux et lumineux, am\u00e9nag\u00e9 avec soin. Les cabines g\u00e9n\u00e9reuses et modulables en 2 cabines doubles [&hellip;]\" \/>\n<meta property=\"og:url\" content=\"https:\/\/wordpress-j0w0sk8wgcc4kck40s0c00o4.cloud.bebity.io\/fr_fr\/product\/sun-odyssey-49-i\/\" \/>\n<meta property=\"og:site_name\" content=\"Boats &amp; Yatchs\" \/>\n<meta property=\"article:modified_time\" content=\"2025-07-01T15:02:11+00:00\" \/>\n<meta property=\"og:image\" content=\"https:\/\/wordpress-j0w0sk8wgcc4kck40s0c00o4.cloud.bebity.io\/wp-content\/uploads\/2025\/07\/1-Jeanneau-Sun-Odyssey-49.1-arriere-a-quai-Empuriabrava.jpg\" \/>\n\t<meta property=\"og:image:width\" content=\"1600\" \/>\n\t<meta property=\"og:image:height\" content=\"1200\" \/>\n\t<meta property=\"og:image:type\" content=\"image\/jpeg\" \/>\n<meta name=\"twitter:card\" content=\"summary_large_image\" \/>\n<meta name=\"twitter:label1\" content=\"Dur\u00e9e de lecture estim\u00e9e\" \/>\n\t<meta name=\"twitter:data1\" content=\"2 minutes\" \/>\n<script type=\"application\/ld+json\" class=\"yoast-schema-graph\">{\"@context\":\"https:\/\/schema.org\",\"@graph\":[{\"@type\":\"WebPage\",\"@id\":\"https:\/\/wordpress-j0w0sk8wgcc4kck40s0c00o4.cloud.bebity.io\/product\/sun-odyssey-49-i\/\",\"url\":\"https:\/\/wordpress-j0w0sk8wgcc4kck40s0c00o4.cloud.bebity.io\/product\/sun-odyssey-49-i\/\",\"name\":\"Sun Odyssey 49.I - Boats &amp; Yatchs\",\"isPartOf\":{\"@id\":\"https:\/\/wordpress-j0w0sk8wgcc4kck40s0c00o4.cloud.bebity.io\/#website\"},\"primaryImageOfPage\":{\"@id\":\"https:\/\/wordpress-j0w0sk8wgcc4kck40s0c00o4.cloud.bebity.io\/product\/sun-odyssey-49-i\/#primaryimage\"},\"image\":{\"@id\":\"https:\/\/wordpress-j0w0sk8wgcc4kck40s0c00o4.cloud.bebity.io\/product\/sun-odyssey-49-i\/#primaryimage\"},\"thumbnailUrl\":\"https:\/\/wordpress-j0w0sk8wgcc4kck40s0c00o4.cloud.bebity.io\/wp-content\/uploads\/2025\/07\/1-Jeanneau-Sun-Odyssey-49.1-arriere-a-quai-Empuriabrava.jpg\",\"datePublished\":\"2025-07-01T15:01:59+00:00\",\"dateModified\":\"2025-07-01T15:02:11+00:00\",\"breadcrumb\":{\"@id\":\"https:\/\/wordpress-j0w0sk8wgcc4kck40s0c00o4.cloud.bebity.io\/product\/sun-odyssey-49-i\/#breadcrumb\"},\"inLanguage\":\"fr-FR\",\"potentialAction\":[{\"@type\":\"ReadAction\",\"target\":[\"https:\/\/wordpress-j0w0sk8wgcc4kck40s0c00o4.cloud.bebity.io\/product\/sun-odyssey-49-i\/\"]}]},{\"@type\":\"ImageObject\",\"inLanguage\":\"fr-FR\",\"@id\":\"https:\/\/wordpress-j0w0sk8wgcc4kck40s0c00o4.cloud.bebity.io\/product\/sun-odyssey-49-i\/#primaryimage\",\"url\":\"https:\/\/wordpress-j0w0sk8wgcc4kck40s0c00o4.cloud.bebity.io\/wp-content\/uploads\/2025\/07\/1-Jeanneau-Sun-Odyssey-49.1-arriere-a-quai-Empuriabrava.jpg\",\"contentUrl\":\"https:\/\/wordpress-j0w0sk8wgcc4kck40s0c00o4.cloud.bebity.io\/wp-content\/uploads\/2025\/07\/1-Jeanneau-Sun-Odyssey-49.1-arriere-a-quai-Empuriabrava.jpg\",\"width\":1600,\"height\":1200,\"caption\":\"Jeanneau Sun Odyssey 49.1 arri\u00e8re \u00e0 quai Empuriabrava\"},{\"@type\":\"BreadcrumbList\",\"@id\":\"https:\/\/wordpress-j0w0sk8wgcc4kck40s0c00o4.cloud.bebity.io\/product\/sun-odyssey-49-i\/#breadcrumb\",\"itemListElement\":[{\"@type\":\"ListItem\",\"position\":1,\"name\":\"Home\",\"item\":\"https:\/\/wordpress-j0w0sk8wgcc4kck40s0c00o4.cloud.bebity.io\/\"},{\"@type\":\"ListItem\",\"position\":2,\"name\":\"Shop\",\"item\":\"https:\/\/wordpress-j0w0sk8wgcc4kck40s0c00o4.cloud.bebity.io\/shop\/\"},{\"@type\":\"ListItem\",\"position\":3,\"name\":\"Sun Odyssey 49.I\"}]},{\"@type\":\"WebSite\",\"@id\":\"https:\/\/wordpress-j0w0sk8wgcc4kck40s0c00o4.cloud.bebity.io\/#website\",\"url\":\"https:\/\/wordpress-j0w0sk8wgcc4kck40s0c00o4.cloud.bebity.io\/\",\"name\":\"Boats &amp; Yatchs\",\"description\":\"Directory &amp; Listings WP Theme\",\"potentialAction\":[{\"@type\":\"SearchAction\",\"target\":{\"@type\":\"EntryPoint\",\"urlTemplate\":\"https:\/\/wordpress-j0w0sk8wgcc4kck40s0c00o4.cloud.bebity.io\/?s={search_term_string}\"},\"query-input\":{\"@type\":\"PropertyValueSpecification\",\"valueRequired\":true,\"valueName\":\"search_term_string\"}}],\"inLanguage\":\"fr-FR\"}]}<\/script>\n<!-- \/ Yoast SEO plugin. -->","yoast_head_json":{"title":"Sun Odyssey 49.I - Boats &amp; Yatchs","robots":{"index":"index","follow":"follow","max-snippet":"max-snippet:-1","max-image-preview":"max-image-preview:large","max-video-preview":"max-video-preview:-1"},"canonical":"https:\/\/wordpress-j0w0sk8wgcc4kck40s0c00o4.cloud.bebity.io\/fr_fr\/product\/sun-odyssey-49-i\/","og_locale":"fr_FR","og_type":"article","og_title":"Sun Odyssey 49.I - Boats &amp; Yatchs","og_description":"Avec ses lignes \u00e9pur\u00e9es et modernes, le Sun Odyssey 49.i offre un style sophistiqu\u00e9 tout en maximisant la performance en mer. Son gr\u00e9ement optimis\u00e9 et sa quille performante garantissent une navigation fluide, m\u00eame dans des conditions exigeantes. Profitez d&rsquo;un int\u00e9rieur spacieux et lumineux, am\u00e9nag\u00e9 avec soin. Les cabines g\u00e9n\u00e9reuses et modulables en 2 cabines doubles [&hellip;]","og_url":"https:\/\/wordpress-j0w0sk8wgcc4kck40s0c00o4.cloud.bebity.io\/fr_fr\/product\/sun-odyssey-49-i\/","og_site_name":"Boats &amp; Yatchs","article_modified_time":"2025-07-01T15:02:11+00:00","og_image":[{"width":1600,"height":1200,"url":"https:\/\/wordpress-j0w0sk8wgcc4kck40s0c00o4.cloud.bebity.io\/wp-content\/uploads\/2025\/07\/1-Jeanneau-Sun-Odyssey-49.1-arriere-a-quai-Empuriabrava.jpg","type":"image\/jpeg"}],"twitter_card":"summary_large_image","twitter_misc":{"Dur\u00e9e de lecture estim\u00e9e":"2 minutes"},"schema":{"@context":"https:\/\/schema.org","@graph":[{"@type":"WebPage","@id":"https:\/\/wordpress-j0w0sk8wgcc4kck40s0c00o4.cloud.bebity.io\/product\/sun-odyssey-49-i\/","url":"https:\/\/wordpress-j0w0sk8wgcc4kck40s0c00o4.cloud.bebity.io\/product\/sun-odyssey-49-i\/","name":"Sun Odyssey 49.I - Boats &amp; Yatchs","isPartOf":{"@id":"https:\/\/wordpress-j0w0sk8wgcc4kck40s0c00o4.cloud.bebity.io\/#website"},"primaryImageOfPage":{"@id":"https:\/\/wordpress-j0w0sk8wgcc4kck40s0c00o4.cloud.bebity.io\/product\/sun-odyssey-49-i\/#primaryimage"},"image":{"@id":"https:\/\/wordpress-j0w0sk8wgcc4kck40s0c00o4.cloud.bebity.io\/product\/sun-odyssey-49-i\/#primaryimage"},"thumbnailUrl":"https:\/\/wordpress-j0w0sk8wgcc4kck40s0c00o4.cloud.bebity.io\/wp-content\/uploads\/2025\/07\/1-Jeanneau-Sun-Odyssey-49.1-arriere-a-quai-Empuriabrava.jpg","datePublished":"2025-07-01T15:01:59+00:00","dateModified":"2025-07-01T15:02:11+00:00","breadcrumb":{"@id":"https:\/\/wordpress-j0w0sk8wgcc4kck40s0c00o4.cloud.bebity.io\/product\/sun-odyssey-49-i\/#breadcrumb"},"inLanguage":"fr-FR","potentialAction":[{"@type":"ReadAction","target":["https:\/\/wordpress-j0w0sk8wgcc4kck40s0c00o4.cloud.bebity.io\/product\/sun-odyssey-49-i\/"]}]},{"@type":"ImageObject","inLanguage":"fr-FR","@id":"https:\/\/wordpress-j0w0sk8wgcc4kck40s0c00o4.cloud.bebity.io\/product\/sun-odyssey-49-i\/#primaryimage","url":"https:\/\/wordpress-j0w0sk8wgcc4kck40s0c00o4.cloud.bebity.io\/wp-content\/uploads\/2025\/07\/1-Jeanneau-Sun-Odyssey-49.1-arriere-a-quai-Empuriabrava.jpg","contentUrl":"https:\/\/wordpress-j0w0sk8wgcc4kck40s0c00o4.cloud.bebity.io\/wp-content\/uploads\/2025\/07\/1-Jeanneau-Sun-Odyssey-49.1-arriere-a-quai-Empuriabrava.jpg","width":1600,"height":1200,"caption":"Jeanneau Sun Odyssey 49.1 arri\u00e8re \u00e0 quai Empuriabrava"},{"@type":"BreadcrumbList","@id":"https:\/\/wordpress-j0w0sk8wgcc4kck40s0c00o4.cloud.bebity.io\/product\/sun-odyssey-49-i\/#breadcrumb","itemListElement":[{"@type":"ListItem","position":1,"name":"Home","item":"https:\/\/wordpress-j0w0sk8wgcc4kck40s0c00o4.cloud.bebity.io\/"},{"@type":"ListItem","position":2,"name":"Shop","item":"https:\/\/wordpress-j0w0sk8wgcc4kck40s0c00o4.cloud.bebity.io\/shop\/"},{"@type":"ListItem","position":3,"name":"Sun Odyssey 49.I"}]},{"@type":"WebSite","@id":"https:\/\/wordpress-j0w0sk8wgcc4kck40s0c00o4.cloud.bebity.io\/#website","url":"https:\/\/wordpress-j0w0sk8wgcc4kck40s0c00o4.cloud.bebity.io\/","name":"Boats &amp; Yatchs","description":"Directory &amp; Listings WP Theme","potentialAction":[{"@type":"SearchAction","target":{"@type":"EntryPoint","urlTemplate":"https:\/\/wordpress-j0w0sk8wgcc4kck40s0c00o4.cloud.bebity.io\/?s={search_term_string}"},"query-input":{"@type":"PropertyValueSpecification","valueRequired":true,"valueName":"search_term_string"}}],"inLanguage":"fr-FR"}]}},"_links":{"self":[{"href":"https:\/\/wordpress-j0w0sk8wgcc4kck40s0c00o4.cloud.bebity.io\/fr_fr\/wp-json\/wp\/v2\/product\/3672","targetHints":{"allow":["GET"]}}],"collection":[{"href":"https:\/\/wordpress-j0w0sk8wgcc4kck40s0c00o4.cloud.bebity.io\/fr_fr\/wp-json\/wp\/v2\/product"}],"about":[{"href":"https:\/\/wordpress-j0w0sk8wgcc4kck40s0c00o4.cloud.bebity.io\/fr_fr\/wp-json\/wp\/v2\/types\/product"}],"replies":[{"embeddable":true,"href":"https:\/\/wordpress-j0w0sk8wgcc4kck40s0c00o4.cloud.bebity.io\/fr_fr\/wp-json\/wp\/v2\/comments?post=3672"}],"version-history":[{"count":1,"href":"https:\/\/wordpress-j0w0sk8wgcc4kck40s0c00o4.cloud.bebity.io\/fr_fr\/wp-json\/wp\/v2\/product\/3672\/revisions"}],"predecessor-version":[{"id":3696,"href":"https:\/\/wordpress-j0w0sk8wgcc4kck40s0c00o4.cloud.bebity.io\/fr_fr\/wp-json\/wp\/v2\/product\/3672\/revisions\/3696"}],"wp:featuredmedia":[{"embeddable":true,"href":"https:\/\/wordpress-j0w0sk8wgcc4kck40s0c00o4.cloud.bebity.io\/fr_fr\/wp-json\/wp\/v2\/media\/3673"}],"wp:attachment":[{"href":"https:\/\/wordpress-j0w0sk8wgcc4kck40s0c00o4.cloud.bebity.io\/fr_fr\/wp-json\/wp\/v2\/media?parent=3672"}],"wp:term":[{"taxonomy":"product_brand","embeddable":true,"href":"https:\/\/wordpress-j0w0sk8wgcc4kck40s0c00o4.cloud.bebity.io\/fr_fr\/wp-json\/wp\/v2\/product_brand?post=3672"},{"taxonomy":"product_cat","embeddable":true,"href":"https:\/\/wordpress-j0w0sk8wgcc4kck40s0c00o4.cloud.bebity.io\/fr_fr\/wp-json\/wp\/v2\/product_cat?post=3672"},{"taxonomy":"product_tag","embeddable":true,"href":"https:\/\/wordpress-j0w0sk8wgcc4kck40s0c00o4.cloud.bebity.io\/fr_fr\/wp-json\/wp\/v2\/product_tag?post=3672"}],"curies":[{"name":"wp","href":"https:\/\/api.w.org\/{rel}","templated":true}]}}