{"id":3955,"date":"2026-02-01T16:32:22","date_gmt":"2026-02-01T15:32:22","guid":{"rendered":"https:\/\/wordpress-j0w0sk8wgcc4kck40s0c00o4.cloud.bebity.io\/?post_type=product&#038;p=3955"},"modified":"2026-02-01T17:24:18","modified_gmt":"2026-02-01T16:24:18","slug":"lunettes-aurak-evo-gibson","status":"publish","type":"product","link":"https:\/\/wordpress-j0w0sk8wgcc4kck40s0c00o4.cloud.bebity.io\/fr_fr\/product\/lunettes-aurak-evo-gibson\/","title":{"rendered":"Lunettes AURAK EVO Gibson"},"content":{"rendered":"<h2>Notre savoir faire<\/h2>\n<p>En partenariat avec des opticiens de pointe, nos lunettes sont d\u00e9velopp\u00e9es dans l&rsquo;esprit du design des casques et masques Aurak.<\/p>\n<p>Nos lunettes reprennent les codes \u201csignature\u201d de la marque Aurak tels que\u00a0 la forme des montures des masques.<\/p>\n<p>Les evo sont les lunettes les plus l\u00e9g\u00e8res du march\u00e9.<\/p>\n<div id=\"wrapper\" class=\"wrapper-product\">\n<div id=\"content-wrapper\" class=\"js-content-wrapper\">\n<section id=\"main\">\n<section id=\"content\" class=\"page-content\">\n<div class=\"container-fluid p-0\">\n<div class=\"row no-gutters\">\n<div class=\"col-12\">\n<figure class=\"product-features-confort product-banner-figure\"><figcaption>\n<div class=\"product-features-confort-text\">\n<h2>Mat\u00e9riaux<\/h2>\n<ul>\n<li>\n<h3>NOS MOD\u00c8LES EVO SONT EN GRILAMID (TR 90) HYPOALLERG\u00c9NIQUE INCASSABLE VERRE CAT3 POLARIS\u00c9<\/h3>\n<\/li>\n<li>\n<h3>PAD DE NEZ AJUSTABLE \u00c0 VOTRE TAILLE SUR 3 POSITIONS<\/h3>\n<\/li>\n<\/ul>\n<\/div>\n<\/figcaption><\/figure>\n<\/div>\n<\/div>\n<\/div>\n<\/section>\n<footer class=\"page-footer\"><\/footer>\n<\/section>\n<\/div>\n<\/div>\n<footer id=\"footer\">\n<div class=\"container-fluid p-0\">\n<div class=\"row no-gutters\">\n<div class=\"col-12 col-md-5\">\n<div class=\"footer-atelier\">\n<div class=\"block-visual\">DEUX FOIS PLUS D&rsquo;ABSORPTION DES CHOCS, COQUE RENFORC\u00c9E ABS ET SANGLES M\u00c9TAL POUR UNE PROTECTION SANS COMPROMIS<\/div>\n<\/div>\n<\/div>\n<\/div>\n<\/div>\n<\/footer>\n<p>&nbsp;<\/p>\n","protected":false},"excerpt":{"rendered":"<p>Notre savoir faire En partenariat avec des opticiens de pointe, nos lunettes sont d\u00e9velopp\u00e9es dans l&rsquo;esprit du design des casques et masques Aurak. Nos lunettes reprennent les codes \u201csignature\u201d de la marque Aurak tels que\u00a0 la forme des montures des masques. Les evo sont les lunettes les plus l\u00e9g\u00e8res du march\u00e9. Mat\u00e9riaux NOS MOD\u00c8LES EVO [&hellip;]<\/p>\n","protected":false},"featured_media":3956,"comment_status":"open","ping_status":"closed","template":"","meta":{"_acf_changed":false},"product_brand":[],"product_cat":[86],"product_tag":[],"class_list":{"0":"post-3955","1":"product","2":"type-product","3":"status-publish","4":"has-post-thumbnail","6":"product_cat-accessoires-nautiques","7":"product_shipping_class-colis-lunettes-aurak","9":"first","10":"instock","11":"sale","12":"taxable","13":"shipping-taxable","14":"purchasable","15":"product-type-simple"},"acf":[],"yoast_head":"<!-- This site is optimized with the Yoast SEO plugin v24.2 - https:\/\/yoast.com\/wordpress\/plugins\/seo\/ -->\n<title>Lunettes AURAK EVO Gibson - Boats &amp; Yatchs<\/title>\n<meta name=\"robots\" content=\"index, follow, max-snippet:-1, max-image-preview:large, max-video-preview:-1\" \/>\n<link rel=\"canonical\" href=\"https:\/\/wordpress-j0w0sk8wgcc4kck40s0c00o4.cloud.bebity.io\/fr_fr\/product\/lunettes-aurak-evo-gibson\/\" \/>\n<meta property=\"og:locale\" content=\"fr_FR\" \/>\n<meta property=\"og:type\" content=\"article\" \/>\n<meta property=\"og:title\" content=\"Lunettes AURAK EVO Gibson - Boats &amp; Yatchs\" \/>\n<meta property=\"og:description\" content=\"Notre savoir faire En partenariat avec des opticiens de pointe, nos lunettes sont d\u00e9velopp\u00e9es dans l&rsquo;esprit du design des casques et masques Aurak. Nos lunettes reprennent les codes \u201csignature\u201d de la marque Aurak tels que\u00a0 la forme des montures des masques. Les evo sont les lunettes les plus l\u00e9g\u00e8res du march\u00e9. Mat\u00e9riaux NOS MOD\u00c8LES EVO [&hellip;]\" \/>\n<meta property=\"og:url\" content=\"https:\/\/wordpress-j0w0sk8wgcc4kck40s0c00o4.cloud.bebity.io\/fr_fr\/product\/lunettes-aurak-evo-gibson\/\" \/>\n<meta property=\"og:site_name\" content=\"Boats &amp; Yatchs\" \/>\n<meta property=\"article:modified_time\" content=\"2026-02-01T16:24:18+00:00\" \/>\n<meta property=\"og:image\" content=\"https:\/\/wordpress-j0w0sk8wgcc4kck40s0c00o4.cloud.bebity.io\/wp-content\/uploads\/2026\/02\/evo-GIBSON.jpg.webp\" \/>\n\t<meta property=\"og:image:width\" content=\"1000\" \/>\n\t<meta property=\"og:image:height\" content=\"1000\" \/>\n\t<meta property=\"og:image:type\" content=\"image\/webp\" \/>\n<meta name=\"twitter:card\" content=\"summary_large_image\" \/>\n<meta name=\"twitter:label1\" content=\"Dur\u00e9e de lecture estim\u00e9e\" \/>\n\t<meta name=\"twitter:data1\" content=\"1 minute\" \/>\n<script type=\"application\/ld+json\" class=\"yoast-schema-graph\">{\"@context\":\"https:\/\/schema.org\",\"@graph\":[{\"@type\":\"WebPage\",\"@id\":\"https:\/\/wordpress-j0w0sk8wgcc4kck40s0c00o4.cloud.bebity.io\/product\/lunettes-aurak-evo-gibson\/\",\"url\":\"https:\/\/wordpress-j0w0sk8wgcc4kck40s0c00o4.cloud.bebity.io\/product\/lunettes-aurak-evo-gibson\/\",\"name\":\"Lunettes AURAK EVO Gibson - Boats &amp; Yatchs\",\"isPartOf\":{\"@id\":\"https:\/\/wordpress-j0w0sk8wgcc4kck40s0c00o4.cloud.bebity.io\/#website\"},\"primaryImageOfPage\":{\"@id\":\"https:\/\/wordpress-j0w0sk8wgcc4kck40s0c00o4.cloud.bebity.io\/product\/lunettes-aurak-evo-gibson\/#primaryimage\"},\"image\":{\"@id\":\"https:\/\/wordpress-j0w0sk8wgcc4kck40s0c00o4.cloud.bebity.io\/product\/lunettes-aurak-evo-gibson\/#primaryimage\"},\"thumbnailUrl\":\"https:\/\/wordpress-j0w0sk8wgcc4kck40s0c00o4.cloud.bebity.io\/wp-content\/uploads\/2026\/02\/evo-GIBSON.jpg.webp\",\"datePublished\":\"2026-02-01T15:32:22+00:00\",\"dateModified\":\"2026-02-01T16:24:18+00:00\",\"breadcrumb\":{\"@id\":\"https:\/\/wordpress-j0w0sk8wgcc4kck40s0c00o4.cloud.bebity.io\/product\/lunettes-aurak-evo-gibson\/#breadcrumb\"},\"inLanguage\":\"fr-FR\",\"potentialAction\":[{\"@type\":\"ReadAction\",\"target\":[\"https:\/\/wordpress-j0w0sk8wgcc4kck40s0c00o4.cloud.bebity.io\/product\/lunettes-aurak-evo-gibson\/\"]}]},{\"@type\":\"ImageObject\",\"inLanguage\":\"fr-FR\",\"@id\":\"https:\/\/wordpress-j0w0sk8wgcc4kck40s0c00o4.cloud.bebity.io\/product\/lunettes-aurak-evo-gibson\/#primaryimage\",\"url\":\"https:\/\/wordpress-j0w0sk8wgcc4kck40s0c00o4.cloud.bebity.io\/wp-content\/uploads\/2026\/02\/evo-GIBSON.jpg.webp\",\"contentUrl\":\"https:\/\/wordpress-j0w0sk8wgcc4kck40s0c00o4.cloud.bebity.io\/wp-content\/uploads\/2026\/02\/evo-GIBSON.jpg.webp\",\"width\":1000,\"height\":1000},{\"@type\":\"BreadcrumbList\",\"@id\":\"https:\/\/wordpress-j0w0sk8wgcc4kck40s0c00o4.cloud.bebity.io\/product\/lunettes-aurak-evo-gibson\/#breadcrumb\",\"itemListElement\":[{\"@type\":\"ListItem\",\"position\":1,\"name\":\"Home\",\"item\":\"https:\/\/wordpress-j0w0sk8wgcc4kck40s0c00o4.cloud.bebity.io\/\"},{\"@type\":\"ListItem\",\"position\":2,\"name\":\"Shop\",\"item\":\"https:\/\/wordpress-j0w0sk8wgcc4kck40s0c00o4.cloud.bebity.io\/shop\/\"},{\"@type\":\"ListItem\",\"position\":3,\"name\":\"Lunettes AURAK EVO Gibson\"}]},{\"@type\":\"WebSite\",\"@id\":\"https:\/\/wordpress-j0w0sk8wgcc4kck40s0c00o4.cloud.bebity.io\/#website\",\"url\":\"https:\/\/wordpress-j0w0sk8wgcc4kck40s0c00o4.cloud.bebity.io\/\",\"name\":\"Boats &amp; Yatchs\",\"description\":\"Directory &amp; Listings WP Theme\",\"potentialAction\":[{\"@type\":\"SearchAction\",\"target\":{\"@type\":\"EntryPoint\",\"urlTemplate\":\"https:\/\/wordpress-j0w0sk8wgcc4kck40s0c00o4.cloud.bebity.io\/?s={search_term_string}\"},\"query-input\":{\"@type\":\"PropertyValueSpecification\",\"valueRequired\":true,\"valueName\":\"search_term_string\"}}],\"inLanguage\":\"fr-FR\"}]}<\/script>\n<!-- \/ Yoast SEO plugin. -->","yoast_head_json":{"title":"Lunettes AURAK EVO Gibson - Boats &amp; Yatchs","robots":{"index":"index","follow":"follow","max-snippet":"max-snippet:-1","max-image-preview":"max-image-preview:large","max-video-preview":"max-video-preview:-1"},"canonical":"https:\/\/wordpress-j0w0sk8wgcc4kck40s0c00o4.cloud.bebity.io\/fr_fr\/product\/lunettes-aurak-evo-gibson\/","og_locale":"fr_FR","og_type":"article","og_title":"Lunettes AURAK EVO Gibson - Boats &amp; Yatchs","og_description":"Notre savoir faire En partenariat avec des opticiens de pointe, nos lunettes sont d\u00e9velopp\u00e9es dans l&rsquo;esprit du design des casques et masques Aurak. Nos lunettes reprennent les codes \u201csignature\u201d de la marque Aurak tels que\u00a0 la forme des montures des masques. Les evo sont les lunettes les plus l\u00e9g\u00e8res du march\u00e9. Mat\u00e9riaux NOS MOD\u00c8LES EVO [&hellip;]","og_url":"https:\/\/wordpress-j0w0sk8wgcc4kck40s0c00o4.cloud.bebity.io\/fr_fr\/product\/lunettes-aurak-evo-gibson\/","og_site_name":"Boats &amp; Yatchs","article_modified_time":"2026-02-01T16:24:18+00:00","og_image":[{"width":1000,"height":1000,"url":"https:\/\/wordpress-j0w0sk8wgcc4kck40s0c00o4.cloud.bebity.io\/wp-content\/uploads\/2026\/02\/evo-GIBSON.jpg.webp","type":"image\/webp"}],"twitter_card":"summary_large_image","twitter_misc":{"Dur\u00e9e de lecture estim\u00e9e":"1 minute"},"schema":{"@context":"https:\/\/schema.org","@graph":[{"@type":"WebPage","@id":"https:\/\/wordpress-j0w0sk8wgcc4kck40s0c00o4.cloud.bebity.io\/product\/lunettes-aurak-evo-gibson\/","url":"https:\/\/wordpress-j0w0sk8wgcc4kck40s0c00o4.cloud.bebity.io\/product\/lunettes-aurak-evo-gibson\/","name":"Lunettes AURAK EVO Gibson - Boats &amp; Yatchs","isPartOf":{"@id":"https:\/\/wordpress-j0w0sk8wgcc4kck40s0c00o4.cloud.bebity.io\/#website"},"primaryImageOfPage":{"@id":"https:\/\/wordpress-j0w0sk8wgcc4kck40s0c00o4.cloud.bebity.io\/product\/lunettes-aurak-evo-gibson\/#primaryimage"},"image":{"@id":"https:\/\/wordpress-j0w0sk8wgcc4kck40s0c00o4.cloud.bebity.io\/product\/lunettes-aurak-evo-gibson\/#primaryimage"},"thumbnailUrl":"https:\/\/wordpress-j0w0sk8wgcc4kck40s0c00o4.cloud.bebity.io\/wp-content\/uploads\/2026\/02\/evo-GIBSON.jpg.webp","datePublished":"2026-02-01T15:32:22+00:00","dateModified":"2026-02-01T16:24:18+00:00","breadcrumb":{"@id":"https:\/\/wordpress-j0w0sk8wgcc4kck40s0c00o4.cloud.bebity.io\/product\/lunettes-aurak-evo-gibson\/#breadcrumb"},"inLanguage":"fr-FR","potentialAction":[{"@type":"ReadAction","target":["https:\/\/wordpress-j0w0sk8wgcc4kck40s0c00o4.cloud.bebity.io\/product\/lunettes-aurak-evo-gibson\/"]}]},{"@type":"ImageObject","inLanguage":"fr-FR","@id":"https:\/\/wordpress-j0w0sk8wgcc4kck40s0c00o4.cloud.bebity.io\/product\/lunettes-aurak-evo-gibson\/#primaryimage","url":"https:\/\/wordpress-j0w0sk8wgcc4kck40s0c00o4.cloud.bebity.io\/wp-content\/uploads\/2026\/02\/evo-GIBSON.jpg.webp","contentUrl":"https:\/\/wordpress-j0w0sk8wgcc4kck40s0c00o4.cloud.bebity.io\/wp-content\/uploads\/2026\/02\/evo-GIBSON.jpg.webp","width":1000,"height":1000},{"@type":"BreadcrumbList","@id":"https:\/\/wordpress-j0w0sk8wgcc4kck40s0c00o4.cloud.bebity.io\/product\/lunettes-aurak-evo-gibson\/#breadcrumb","itemListElement":[{"@type":"ListItem","position":1,"name":"Home","item":"https:\/\/wordpress-j0w0sk8wgcc4kck40s0c00o4.cloud.bebity.io\/"},{"@type":"ListItem","position":2,"name":"Shop","item":"https:\/\/wordpress-j0w0sk8wgcc4kck40s0c00o4.cloud.bebity.io\/shop\/"},{"@type":"ListItem","position":3,"name":"Lunettes AURAK EVO Gibson"}]},{"@type":"WebSite","@id":"https:\/\/wordpress-j0w0sk8wgcc4kck40s0c00o4.cloud.bebity.io\/#website","url":"https:\/\/wordpress-j0w0sk8wgcc4kck40s0c00o4.cloud.bebity.io\/","name":"Boats &amp; Yatchs","description":"Directory &amp; Listings WP Theme","potentialAction":[{"@type":"SearchAction","target":{"@type":"EntryPoint","urlTemplate":"https:\/\/wordpress-j0w0sk8wgcc4kck40s0c00o4.cloud.bebity.io\/?s={search_term_string}"},"query-input":{"@type":"PropertyValueSpecification","valueRequired":true,"valueName":"search_term_string"}}],"inLanguage":"fr-FR"}]}},"_links":{"self":[{"href":"https:\/\/wordpress-j0w0sk8wgcc4kck40s0c00o4.cloud.bebity.io\/fr_fr\/wp-json\/wp\/v2\/product\/3955","targetHints":{"allow":["GET"]}}],"collection":[{"href":"https:\/\/wordpress-j0w0sk8wgcc4kck40s0c00o4.cloud.bebity.io\/fr_fr\/wp-json\/wp\/v2\/product"}],"about":[{"href":"https:\/\/wordpress-j0w0sk8wgcc4kck40s0c00o4.cloud.bebity.io\/fr_fr\/wp-json\/wp\/v2\/types\/product"}],"replies":[{"embeddable":true,"href":"https:\/\/wordpress-j0w0sk8wgcc4kck40s0c00o4.cloud.bebity.io\/fr_fr\/wp-json\/wp\/v2\/comments?post=3955"}],"version-history":[{"count":1,"href":"https:\/\/wordpress-j0w0sk8wgcc4kck40s0c00o4.cloud.bebity.io\/fr_fr\/wp-json\/wp\/v2\/product\/3955\/revisions"}],"predecessor-version":[{"id":3957,"href":"https:\/\/wordpress-j0w0sk8wgcc4kck40s0c00o4.cloud.bebity.io\/fr_fr\/wp-json\/wp\/v2\/product\/3955\/revisions\/3957"}],"wp:featuredmedia":[{"embeddable":true,"href":"https:\/\/wordpress-j0w0sk8wgcc4kck40s0c00o4.cloud.bebity.io\/fr_fr\/wp-json\/wp\/v2\/media\/3956"}],"wp:attachment":[{"href":"https:\/\/wordpress-j0w0sk8wgcc4kck40s0c00o4.cloud.bebity.io\/fr_fr\/wp-json\/wp\/v2\/media?parent=3955"}],"wp:term":[{"taxonomy":"product_brand","embeddable":true,"href":"https:\/\/wordpress-j0w0sk8wgcc4kck40s0c00o4.cloud.bebity.io\/fr_fr\/wp-json\/wp\/v2\/product_brand?post=3955"},{"taxonomy":"product_cat","embeddable":true,"href":"https:\/\/wordpress-j0w0sk8wgcc4kck40s0c00o4.cloud.bebity.io\/fr_fr\/wp-json\/wp\/v2\/product_cat?post=3955"},{"taxonomy":"product_tag","embeddable":true,"href":"https:\/\/wordpress-j0w0sk8wgcc4kck40s0c00o4.cloud.bebity.io\/fr_fr\/wp-json\/wp\/v2\/product_tag?post=3955"}],"curies":[{"name":"wp","href":"https:\/\/api.w.org\/{rel}","templated":true}]}}